{"id":43313,"date":"2025-10-29T15:24:04","date_gmt":"2025-10-29T14:24:04","guid":{"rendered":"https:\/\/www.miravila.com\/product\/masna-zamet-rdeca\/"},"modified":"2025-10-29T15:45:03","modified_gmt":"2025-10-29T14:45:03","slug":"pentlja-zamet-rdeca","status":"publish","type":"product","link":"https:\/\/www.miravila.com\/sl\/product\/pentlja-zamet-rdeca\/","title":{"rendered":"PENTLJA \u017dAMET RDE\u010cA"},"content":{"rendered":"","protected":false},"excerpt":{"rendered":"<p>Elegantna rde\u010da \u017eametna pentlja, popolna za prazni\u010dno okrasitev doma, bo\u017ei\u010dno drevo ali darila. Narejena iz mehkega \u017eameta, ki daje razko\u0161en videz in toplino prazni\u010dnemu vzdu\u0161ju. Enostavna za namestitev in ve\u010dkratno uporabo.<\/p>\n","protected":false},"featured_media":43292,"comment_status":"closed","ping_status":"closed","template":"","meta":[],"product_brand":[],"product_cat":[2084,5335],"product_tag":[],"class_list":{"0":"post-43313","1":"product","2":"type-product","3":"status-publish","4":"has-post-thumbnail","6":"product_cat-bozic-sl","7":"product_cat-pentlje","8":"pa_barva-rdeca","9":"pa_velikost-15x25cm","10":"pa_velikost-25x35cm","11":"pa_velikost-33x43cm","13":"first","14":"instock","15":"taxable","16":"shipping-taxable","17":"purchasable","18":"product-type-variable","19":"has-default-attributes"},"_links":{"self":[{"href":"https:\/\/www.miravila.com\/sl\/wp-json\/wp\/v2\/product\/43313","targetHints":{"allow":["GET"]}}],"collection":[{"href":"https:\/\/www.miravila.com\/sl\/wp-json\/wp\/v2\/product"}],"about":[{"href":"https:\/\/www.miravila.com\/sl\/wp-json\/wp\/v2\/types\/product"}],"replies":[{"embeddable":true,"href":"https:\/\/www.miravila.com\/sl\/wp-json\/wp\/v2\/comments?post=43313"}],"wp:featuredmedia":[{"embeddable":true,"href":"https:\/\/www.miravila.com\/sl\/wp-json\/wp\/v2\/media\/43292"}],"wp:attachment":[{"href":"https:\/\/www.miravila.com\/sl\/wp-json\/wp\/v2\/media?parent=43313"}],"wp:term":[{"taxonomy":"product_brand","embeddable":true,"href":"https:\/\/www.miravila.com\/sl\/wp-json\/wp\/v2\/product_brand?post=43313"},{"taxonomy":"product_cat","embeddable":true,"href":"https:\/\/www.miravila.com\/sl\/wp-json\/wp\/v2\/product_cat?post=43313"},{"taxonomy":"product_tag","embeddable":true,"href":"https:\/\/www.miravila.com\/sl\/wp-json\/wp\/v2\/product_tag?post=43313"}],"curies":[{"name":"wp","href":"https:\/\/api.w.org\/{rel}","templated":true}]}}