{"id":42206,"date":"2025-09-11T10:35:16","date_gmt":"2025-09-11T08:35:16","guid":{"rendered":"https:\/\/www.miravila.com\/product\/francoska-struca-pvc\/"},"modified":"2025-09-11T10:38:46","modified_gmt":"2025-09-11T08:38:46","slug":"francoska-struca-pvc","status":"publish","type":"product","link":"https:\/\/www.miravila.com\/sl\/izdelek\/francoska-struca-pvc\/","title":{"rendered":"FRANCOSKA \u0160TRUCA PVC"},"content":{"rendered":"<p>Ta umetna bageta izgleda kot sve\u017ee pe\u010den francoski kruh in je popolna za dekoracijo v pekarni, restavraciji, trgovini ali doma\u010di kuhinji. Zaradi svoje realisti\u010dne podobe vnese toplino in doma\u010dnost v vsak ambient.nnPrednost umetnega kruha je, da se nikoli ne pokvari, vedno ohrani lep videz in ga lahko uporabljate znova in znova za aran\u017emaje, vitrine ali kot kuliso pri fotografiranju.<\/p>\n","protected":false},"excerpt":{"rendered":"<p>Umetna bageta \u2013 realisti\u010den okrasni kruh za dekoracijo miz in izlo\u017eb.<\/p>\n","protected":false},"featured_media":42012,"comment_status":"closed","ping_status":"open","template":"","meta":[],"product_brand":[],"product_cat":[5290],"product_tag":[],"class_list":{"0":"post-42206","1":"product","2":"type-product","3":"status-publish","4":"has-post-thumbnail","6":"product_cat-umetna-hrana","8":"first","9":"instock","10":"taxable","11":"shipping-taxable","12":"purchasable","13":"product-type-simple"},"_links":{"self":[{"href":"https:\/\/www.miravila.com\/sl\/wp-json\/wp\/v2\/product\/42206","targetHints":{"allow":["GET"]}}],"collection":[{"href":"https:\/\/www.miravila.com\/sl\/wp-json\/wp\/v2\/product"}],"about":[{"href":"https:\/\/www.miravila.com\/sl\/wp-json\/wp\/v2\/types\/product"}],"replies":[{"embeddable":true,"href":"https:\/\/www.miravila.com\/sl\/wp-json\/wp\/v2\/comments?post=42206"}],"wp:featuredmedia":[{"embeddable":true,"href":"https:\/\/www.miravila.com\/sl\/wp-json\/wp\/v2\/media\/42012"}],"wp:attachment":[{"href":"https:\/\/www.miravila.com\/sl\/wp-json\/wp\/v2\/media?parent=42206"}],"wp:term":[{"taxonomy":"product_brand","embeddable":true,"href":"https:\/\/www.miravila.com\/sl\/wp-json\/wp\/v2\/product_brand?post=42206"},{"taxonomy":"product_cat","embeddable":true,"href":"https:\/\/www.miravila.com\/sl\/wp-json\/wp\/v2\/product_cat?post=42206"},{"taxonomy":"product_tag","embeddable":true,"href":"https:\/\/www.miravila.com\/sl\/wp-json\/wp\/v2\/product_tag?post=42206"}],"curies":[{"name":"wp","href":"https:\/\/api.w.org\/{rel}","templated":true}]}}