{"id":42205,"date":"2025-09-11T10:35:16","date_gmt":"2025-09-11T08:35:16","guid":{"rendered":"https:\/\/www.miravila.com\/product\/petersilj-sopek-x-6\/"},"modified":"2025-09-11T10:38:46","modified_gmt":"2025-09-11T08:38:46","slug":"petersilj-sopek-x-6","status":"publish","type":"product","link":"https:\/\/www.miravila.com\/sl\/izdelek\/petersilj-sopek-x-6\/","title":{"rendered":"PETER\u0160ILJ \u0160OPEK X 6"},"content":{"rendered":"<p>Ta \u010dudovit umetni \u0161opek peter\u0161ilja izgleda kot pravi sve\u017e peter\u0161ilj in bo v va\u0161 dom ali lokal prinesel naraven pridih zelenja. Zaradi realisti\u010dne izdelave je primeren za kuhinjo, restavracijo, jedilnico, pogrinjke in dekorativne aran\u017emaje.nnPrednost umetnega peter\u0161ilja je, da ne potrebuje zalivanja, vedno ohrani sve\u017e videz in je dolgotrajen.<\/p>\n","protected":false},"excerpt":{"rendered":"<p>Umetni peter\u0161ilj \u2013 dekorativni \u0161opek za kuhinjo, jedilnico in okrasne aran\u017emaje.<\/p>\n","protected":false},"featured_media":42007,"comment_status":"closed","ping_status":"open","template":"","meta":[],"product_brand":[],"product_cat":[5290],"product_tag":[],"class_list":{"0":"post-42205","1":"product","2":"type-product","3":"status-publish","4":"has-post-thumbnail","6":"product_cat-umetna-hrana","8":"first","9":"instock","10":"taxable","11":"shipping-taxable","12":"purchasable","13":"product-type-simple"},"_links":{"self":[{"href":"https:\/\/www.miravila.com\/sl\/wp-json\/wp\/v2\/product\/42205","targetHints":{"allow":["GET"]}}],"collection":[{"href":"https:\/\/www.miravila.com\/sl\/wp-json\/wp\/v2\/product"}],"about":[{"href":"https:\/\/www.miravila.com\/sl\/wp-json\/wp\/v2\/types\/product"}],"replies":[{"embeddable":true,"href":"https:\/\/www.miravila.com\/sl\/wp-json\/wp\/v2\/comments?post=42205"}],"wp:featuredmedia":[{"embeddable":true,"href":"https:\/\/www.miravila.com\/sl\/wp-json\/wp\/v2\/media\/42007"}],"wp:attachment":[{"href":"https:\/\/www.miravila.com\/sl\/wp-json\/wp\/v2\/media?parent=42205"}],"wp:term":[{"taxonomy":"product_brand","embeddable":true,"href":"https:\/\/www.miravila.com\/sl\/wp-json\/wp\/v2\/product_brand?post=42205"},{"taxonomy":"product_cat","embeddable":true,"href":"https:\/\/www.miravila.com\/sl\/wp-json\/wp\/v2\/product_cat?post=42205"},{"taxonomy":"product_tag","embeddable":true,"href":"https:\/\/www.miravila.com\/sl\/wp-json\/wp\/v2\/product_tag?post=42205"}],"curies":[{"name":"wp","href":"https:\/\/api.w.org\/{rel}","templated":true}]}}