{"id":42204,"date":"2025-09-11T10:35:09","date_gmt":"2025-09-11T08:35:09","guid":{"rendered":"https:\/\/www.miravila.com\/product\/rozmarin-soft-x-10-sopek\/"},"modified":"2025-09-11T10:38:42","modified_gmt":"2025-09-11T08:38:42","slug":"rozmarin-soft-x-10-sopek","status":"publish","type":"product","link":"https:\/\/www.miravila.com\/sl\/izdelek\/rozmarin-soft-x-10-sopek\/","title":{"rendered":"RO\u017dMARIN SOFT X 10-\u0160OPEK"},"content":{"rendered":"<p>Ta realisti\u010den umetni \u0161opek ro\u017emarina prina\u0161a pridih sve\u017eine v vsak prostor. Listi so natan\u010dno oblikovani, da spominjajo na naravni ro\u017emarin, zato je popoln kot dekoracija za kuhinjo, restavracijo, jedilnico ali rustikalne aran\u017emaje.nnNe potrebuje zalivanja ali posebne nege, hkrati pa ohranja svojo barvo in obliko skozi vse leto.<\/p>\n","protected":false},"excerpt":{"rendered":"<p>Umetni ro\u017emarin \u2013 dekorativni \u0161opek za kuhinjo, jedilnico in rustikalne aran\u017emaje.<\/p>\n","protected":false},"featured_media":42002,"comment_status":"closed","ping_status":"open","template":"","meta":[],"product_brand":[],"product_cat":[5290,5292],"product_tag":[],"class_list":{"0":"post-42204","1":"product","2":"type-product","3":"status-publish","4":"has-post-thumbnail","6":"product_cat-umetna-hrana","7":"product_cat-zelenjava","9":"first","10":"outofstock","11":"taxable","12":"shipping-taxable","13":"purchasable","14":"product-type-simple"},"_links":{"self":[{"href":"https:\/\/www.miravila.com\/sl\/wp-json\/wp\/v2\/product\/42204","targetHints":{"allow":["GET"]}}],"collection":[{"href":"https:\/\/www.miravila.com\/sl\/wp-json\/wp\/v2\/product"}],"about":[{"href":"https:\/\/www.miravila.com\/sl\/wp-json\/wp\/v2\/types\/product"}],"replies":[{"embeddable":true,"href":"https:\/\/www.miravila.com\/sl\/wp-json\/wp\/v2\/comments?post=42204"}],"wp:featuredmedia":[{"embeddable":true,"href":"https:\/\/www.miravila.com\/sl\/wp-json\/wp\/v2\/media\/42002"}],"wp:attachment":[{"href":"https:\/\/www.miravila.com\/sl\/wp-json\/wp\/v2\/media?parent=42204"}],"wp:term":[{"taxonomy":"product_brand","embeddable":true,"href":"https:\/\/www.miravila.com\/sl\/wp-json\/wp\/v2\/product_brand?post=42204"},{"taxonomy":"product_cat","embeddable":true,"href":"https:\/\/www.miravila.com\/sl\/wp-json\/wp\/v2\/product_cat?post=42204"},{"taxonomy":"product_tag","embeddable":true,"href":"https:\/\/www.miravila.com\/sl\/wp-json\/wp\/v2\/product_tag?post=42204"}],"curies":[{"name":"wp","href":"https:\/\/api.w.org\/{rel}","templated":true}]}}