{"id":42201,"date":"2025-09-11T10:35:09","date_gmt":"2025-09-11T08:35:09","guid":{"rendered":"https:\/\/www.miravila.com\/product\/paradiznik-x-1\/"},"modified":"2025-09-11T10:38:41","modified_gmt":"2025-09-11T08:38:41","slug":"paradiznik-x-1","status":"publish","type":"product","link":"https:\/\/www.miravila.com\/sl\/izdelek\/paradiznik-x-1\/","title":{"rendered":"PARADI\u017dNIK X 1"},"content":{"rendered":"<p>Ta umetni paradi\u017enik je oblikovan z izrazitimi rebri in naravno rde\u010do barvo, ki posnema pravi sve\u017e plod. Idealno se ujema kot dekoracija v trgovinah, restavracijah, na kulinari\u010dnih predstavitvah ali doma\u010dih aran\u017emajih.nnIzdelan je iz trpe\u017enih materialov, ki zagotavljajo dolgo obstojnost in enostavno vzdr\u017eevanje.<\/p>\n","protected":false},"excerpt":{"rendered":"<p>Umetni paradi\u017enik \u2013 realisti\u010dna dekoracija v obliki rebrastega paradi\u017enika, primerna za kuhinjo, izlo\u017ebe ali aran\u017emaje.<\/p>\n","protected":false},"featured_media":41987,"comment_status":"closed","ping_status":"open","template":"","meta":[],"product_brand":[],"product_cat":[5290,5292],"product_tag":[],"class_list":{"0":"post-42201","1":"product","2":"type-product","3":"status-publish","4":"has-post-thumbnail","6":"product_cat-umetna-hrana","7":"product_cat-zelenjava","9":"first","10":"instock","11":"taxable","12":"shipping-taxable","13":"purchasable","14":"product-type-simple"},"_links":{"self":[{"href":"https:\/\/www.miravila.com\/sl\/wp-json\/wp\/v2\/product\/42201","targetHints":{"allow":["GET"]}}],"collection":[{"href":"https:\/\/www.miravila.com\/sl\/wp-json\/wp\/v2\/product"}],"about":[{"href":"https:\/\/www.miravila.com\/sl\/wp-json\/wp\/v2\/types\/product"}],"replies":[{"embeddable":true,"href":"https:\/\/www.miravila.com\/sl\/wp-json\/wp\/v2\/comments?post=42201"}],"wp:featuredmedia":[{"embeddable":true,"href":"https:\/\/www.miravila.com\/sl\/wp-json\/wp\/v2\/media\/41987"}],"wp:attachment":[{"href":"https:\/\/www.miravila.com\/sl\/wp-json\/wp\/v2\/media?parent=42201"}],"wp:term":[{"taxonomy":"product_brand","embeddable":true,"href":"https:\/\/www.miravila.com\/sl\/wp-json\/wp\/v2\/product_brand?post=42201"},{"taxonomy":"product_cat","embeddable":true,"href":"https:\/\/www.miravila.com\/sl\/wp-json\/wp\/v2\/product_cat?post=42201"},{"taxonomy":"product_tag","embeddable":true,"href":"https:\/\/www.miravila.com\/sl\/wp-json\/wp\/v2\/product_tag?post=42201"}],"curies":[{"name":"wp","href":"https:\/\/api.w.org\/{rel}","templated":true}]}}