{"id":42199,"date":"2025-09-11T10:35:09","date_gmt":"2025-09-11T08:35:09","guid":{"rendered":"https:\/\/www.miravila.com\/product\/jurcek-goba-h-16-cm-x-1\/"},"modified":"2025-09-11T10:38:40","modified_gmt":"2025-09-11T08:38:40","slug":"jurcek-goba-h-16-cm-x-1","status":"publish","type":"product","link":"https:\/\/www.miravila.com\/sl\/izdelek\/jurcek-goba-h-16-cm-x-1\/","title":{"rendered":"JUR\u010cEK GOBA H-16 CM X 1"},"content":{"rendered":"<p>Ta umetni jur\u010dek je izjemno verna imitacija ene najbolj priljubljenih gozdnih gob. Zaradi naravnega videza, zna\u010dilnega rjavega klobuka in debelega belega beti\u010da je odli\u010dna izbira za trgovinske izlo\u017ebe, restavracije, kulinari\u010dne predstavitve, jesenske aran\u017emaje ali doma\u010do dekoracijo.nnIzdelan je iz kakovostnih materialov, ki zagotavljajo dolgo obstojnost in enostavno vzdr\u017eevanje.<\/p>\n","protected":false},"excerpt":{"rendered":"<p>Umetni jur\u010dek \u2013 realisti\u010dna dekoracija za kuhinjo, gostinstvo, aran\u017emaje in jesenske dekoracije.<\/p>\n","protected":false},"featured_media":41977,"comment_status":"closed","ping_status":"open","template":"","meta":[],"product_brand":[],"product_cat":[5290],"product_tag":[],"class_list":{"0":"post-42199","1":"product","2":"type-product","3":"status-publish","4":"has-post-thumbnail","6":"product_cat-umetna-hrana","8":"first","9":"instock","10":"taxable","11":"shipping-taxable","12":"purchasable","13":"product-type-simple"},"_links":{"self":[{"href":"https:\/\/www.miravila.com\/sl\/wp-json\/wp\/v2\/product\/42199","targetHints":{"allow":["GET"]}}],"collection":[{"href":"https:\/\/www.miravila.com\/sl\/wp-json\/wp\/v2\/product"}],"about":[{"href":"https:\/\/www.miravila.com\/sl\/wp-json\/wp\/v2\/types\/product"}],"replies":[{"embeddable":true,"href":"https:\/\/www.miravila.com\/sl\/wp-json\/wp\/v2\/comments?post=42199"}],"wp:featuredmedia":[{"embeddable":true,"href":"https:\/\/www.miravila.com\/sl\/wp-json\/wp\/v2\/media\/41977"}],"wp:attachment":[{"href":"https:\/\/www.miravila.com\/sl\/wp-json\/wp\/v2\/media?parent=42199"}],"wp:term":[{"taxonomy":"product_brand","embeddable":true,"href":"https:\/\/www.miravila.com\/sl\/wp-json\/wp\/v2\/product_brand?post=42199"},{"taxonomy":"product_cat","embeddable":true,"href":"https:\/\/www.miravila.com\/sl\/wp-json\/wp\/v2\/product_cat?post=42199"},{"taxonomy":"product_tag","embeddable":true,"href":"https:\/\/www.miravila.com\/sl\/wp-json\/wp\/v2\/product_tag?post=42199"}],"curies":[{"name":"wp","href":"https:\/\/api.w.org\/{rel}","templated":true}]}}