{"id":42196,"date":"2025-09-11T10:35:09","date_gmt":"2025-09-11T08:35:09","guid":{"rendered":"https:\/\/www.miravila.com\/product\/prsut-z-nogo-pvc-h-66x22x10-cm-ozji\/"},"modified":"2025-09-11T10:38:39","modified_gmt":"2025-09-11T08:38:39","slug":"prsut-z-nogo-pvc-h-66x22x10-cm-ozji","status":"publish","type":"product","link":"https:\/\/www.miravila.com\/sl\/izdelek\/prsut-z-nogo-pvc-h-66x22x10-cm-ozji\/","title":{"rendered":"PR\u0160UT Z NOGO PVC H-66X22X10 CM O\u017dJI"},"content":{"rendered":"<p>a umetni pr\u0161ut z nogo je izdelan z natan\u010dnimi detajli, ki posnemajo pravi pr\u0161ut v celoti, vklju\u010dno z nogo in vrvico za obe\u0161anje. Realisti\u010dna barva, tekstura in oblika naredijo izdelek idealen za trgovine, mesnice, restavracije, sejme, kulinari\u010dne predstavitve ter vinske kleti.nnNe zahteva posebne nege, nikoli se ne pokvari in je primeren za dolgotrajno dekorativno uporabo. Zaradi vrvice ga je mo\u017eno enostavno obesiti, da poudari avtenti\u010dnost prostora.<\/p>\n","protected":false},"excerpt":{"rendered":"<p>Umetni pr\u0161ut z nogo \u2013 dekorativni model pr\u0161uta za mesnice, restavracije, trgovine in vinske kleti.<\/p>\n","protected":false},"featured_media":41962,"comment_status":"closed","ping_status":"open","template":"","meta":[],"product_brand":[],"product_cat":[5293,5290],"product_tag":[],"class_list":{"0":"post-42196","1":"product","2":"type-product","3":"status-publish","4":"has-post-thumbnail","6":"product_cat-mesnine-umetna-hrana","7":"product_cat-umetna-hrana","9":"first","10":"outofstock","11":"taxable","12":"shipping-taxable","13":"purchasable","14":"product-type-simple"},"_links":{"self":[{"href":"https:\/\/www.miravila.com\/sl\/wp-json\/wp\/v2\/product\/42196","targetHints":{"allow":["GET"]}}],"collection":[{"href":"https:\/\/www.miravila.com\/sl\/wp-json\/wp\/v2\/product"}],"about":[{"href":"https:\/\/www.miravila.com\/sl\/wp-json\/wp\/v2\/types\/product"}],"replies":[{"embeddable":true,"href":"https:\/\/www.miravila.com\/sl\/wp-json\/wp\/v2\/comments?post=42196"}],"wp:featuredmedia":[{"embeddable":true,"href":"https:\/\/www.miravila.com\/sl\/wp-json\/wp\/v2\/media\/41962"}],"wp:attachment":[{"href":"https:\/\/www.miravila.com\/sl\/wp-json\/wp\/v2\/media?parent=42196"}],"wp:term":[{"taxonomy":"product_brand","embeddable":true,"href":"https:\/\/www.miravila.com\/sl\/wp-json\/wp\/v2\/product_brand?post=42196"},{"taxonomy":"product_cat","embeddable":true,"href":"https:\/\/www.miravila.com\/sl\/wp-json\/wp\/v2\/product_cat?post=42196"},{"taxonomy":"product_tag","embeddable":true,"href":"https:\/\/www.miravila.com\/sl\/wp-json\/wp\/v2\/product_tag?post=42196"}],"curies":[{"name":"wp","href":"https:\/\/api.w.org\/{rel}","templated":true}]}}