{"id":42189,"date":"2025-09-11T10:35:09","date_gmt":"2025-09-11T08:35:09","guid":{"rendered":"https:\/\/www.miravila.com\/product\/kruh-iz-modela-pvc\/"},"modified":"2025-09-11T10:38:36","modified_gmt":"2025-09-11T08:38:36","slug":"kruh-iz-modela-pvc","status":"publish","type":"product","link":"https:\/\/www.miravila.com\/sl\/izdelek\/kruh-iz-modela-pvc\/","title":{"rendered":"KRUH IZ MODELA PVC"},"content":{"rendered":"<p>Ta umetni kruh iz modela je videti kot sve\u017ee pe\u010den toast hleb\u010dek s hrustljavo skorjico in zlatorjavo povr\u0161ino. Narejen je iz kakovostnega materiala, ki posnema naraven videz in teksturo kruha, zato je idealen za dolgotrajno dekorativno uporabo.nnPrimeren je za pekarske izlo\u017ebe, kavarne, restavracije, hotele, catering in kulinari\u010dne sejme, kjer \u017eelite ustvariti naraven videz sve\u017eega kruha brez skrbi, da bi se pokvaril. Odli\u010dno se kombinira z umetnimi \u017eemljami, bagetami, roglji\u010dki in drugimi dekorativnimi pekovskimi izdelki.<\/p>\n","protected":false},"excerpt":{"rendered":"<p>Umetni kruh iz modela \u2013 realisti\u010den hleb\u010dek za dekoracijo pekarn, kavarn, trgovin in kulinari\u010dnih predstavitev.<\/p>\n","protected":false},"featured_media":41919,"comment_status":"closed","ping_status":"open","template":"","meta":[],"product_brand":[],"product_cat":[5294,5290],"product_tag":[],"class_list":{"0":"post-42189","1":"product","2":"type-product","3":"status-publish","4":"has-post-thumbnail","6":"product_cat-pecivo-umetna-hrana","7":"product_cat-umetna-hrana","9":"first","10":"instock","11":"taxable","12":"shipping-taxable","13":"purchasable","14":"product-type-simple"},"_links":{"self":[{"href":"https:\/\/www.miravila.com\/sl\/wp-json\/wp\/v2\/product\/42189","targetHints":{"allow":["GET"]}}],"collection":[{"href":"https:\/\/www.miravila.com\/sl\/wp-json\/wp\/v2\/product"}],"about":[{"href":"https:\/\/www.miravila.com\/sl\/wp-json\/wp\/v2\/types\/product"}],"replies":[{"embeddable":true,"href":"https:\/\/www.miravila.com\/sl\/wp-json\/wp\/v2\/comments?post=42189"}],"wp:featuredmedia":[{"embeddable":true,"href":"https:\/\/www.miravila.com\/sl\/wp-json\/wp\/v2\/media\/41919"}],"wp:attachment":[{"href":"https:\/\/www.miravila.com\/sl\/wp-json\/wp\/v2\/media?parent=42189"}],"wp:term":[{"taxonomy":"product_brand","embeddable":true,"href":"https:\/\/www.miravila.com\/sl\/wp-json\/wp\/v2\/product_brand?post=42189"},{"taxonomy":"product_cat","embeddable":true,"href":"https:\/\/www.miravila.com\/sl\/wp-json\/wp\/v2\/product_cat?post=42189"},{"taxonomy":"product_tag","embeddable":true,"href":"https:\/\/www.miravila.com\/sl\/wp-json\/wp\/v2\/product_tag?post=42189"}],"curies":[{"name":"wp","href":"https:\/\/api.w.org\/{rel}","templated":true}]}}