{"id":42174,"date":"2025-09-11T10:35:02","date_gmt":"2025-09-11T08:35:02","guid":{"rendered":"https:\/\/www.miravila.com\/product\/bucke-male-oval-h-12d-9-cm-set-4-oranzbordo\/"},"modified":"2025-09-11T10:38:26","modified_gmt":"2025-09-11T08:38:26","slug":"bucke-male-oval-h-12d-9-cm-set-4-oranzbordo","status":"publish","type":"product","link":"https:\/\/www.miravila.com\/sl\/izdelek\/bucke-male-oval-h-12d-9-cm-set-4-oranzbordo\/","title":{"rendered":"BU\u010cKE MALE OVAL H-12,D-9 CM\/SET 4( ORAN\u017d,BORDO)"},"content":{"rendered":"<p>Ta komplet vsebuje 4 umetne bu\u010de v razli\u010dnih barvnih odtenkih \u2013 od klasi\u010dne oran\u017ene do temno rde\u010de. Vsaka bu\u010da je oblikovana z realisti\u010dno teksturo, naravno rebrasto povr\u0161ino in avtenti\u010dnim pecljem, kar ustvarja izjemno naraven videz. Komplet je popolna izbira za jesenske aran\u017emaje, Halloween dekoracijo, kuhinjske postavitve, restavracije, hotelske zajtrke ali trgovinske izlo\u017ebe.nnBu\u010de so izdelane iz kakovostnega in trpe\u017enega materiala, ki dolgo ohrani barvo in obliko brez posebnega vzdr\u017eevanja. To umetno \u017eivilo za dekoracijo je idealna re\u0161itev za vse, ki \u017eelijo topel in naraven jesenski ambient brez kvarjenja prave zelenjave.<\/p>\n","protected":false},"excerpt":{"rendered":"<p>Komplet 4 umetnih bu\u010d \u2013 jesenska dekoracija za kuhinjo, dom, restavracije, hotele in trgovinske izlo\u017ebe.<\/p>\n","protected":false},"featured_media":41812,"comment_status":"closed","ping_status":"open","template":"","meta":[],"product_brand":[],"product_cat":[5290,5292],"product_tag":[],"class_list":{"0":"post-42174","1":"product","2":"type-product","3":"status-publish","4":"has-post-thumbnail","6":"product_cat-umetna-hrana","7":"product_cat-zelenjava","9":"first","10":"instock","11":"taxable","12":"shipping-taxable","13":"purchasable","14":"product-type-simple"},"_links":{"self":[{"href":"https:\/\/www.miravila.com\/sl\/wp-json\/wp\/v2\/product\/42174","targetHints":{"allow":["GET"]}}],"collection":[{"href":"https:\/\/www.miravila.com\/sl\/wp-json\/wp\/v2\/product"}],"about":[{"href":"https:\/\/www.miravila.com\/sl\/wp-json\/wp\/v2\/types\/product"}],"replies":[{"embeddable":true,"href":"https:\/\/www.miravila.com\/sl\/wp-json\/wp\/v2\/comments?post=42174"}],"wp:featuredmedia":[{"embeddable":true,"href":"https:\/\/www.miravila.com\/sl\/wp-json\/wp\/v2\/media\/41812"}],"wp:attachment":[{"href":"https:\/\/www.miravila.com\/sl\/wp-json\/wp\/v2\/media?parent=42174"}],"wp:term":[{"taxonomy":"product_brand","embeddable":true,"href":"https:\/\/www.miravila.com\/sl\/wp-json\/wp\/v2\/product_brand?post=42174"},{"taxonomy":"product_cat","embeddable":true,"href":"https:\/\/www.miravila.com\/sl\/wp-json\/wp\/v2\/product_cat?post=42174"},{"taxonomy":"product_tag","embeddable":true,"href":"https:\/\/www.miravila.com\/sl\/wp-json\/wp\/v2\/product_tag?post=42174"}],"curies":[{"name":"wp","href":"https:\/\/api.w.org\/{rel}","templated":true}]}}