{"id":42167,"date":"2025-09-11T10:35:02","date_gmt":"2025-09-11T08:35:02","guid":{"rendered":"https:\/\/www.miravila.com\/product\/feferoni-mini-rdeci-v-grozdju-x-200-h-60-cm\/"},"modified":"2025-09-11T10:38:23","modified_gmt":"2025-09-11T08:38:23","slug":"feferoni-mini-rdeci-v-grozdju-x-200-h-60-cm","status":"publish","type":"product","link":"https:\/\/www.miravila.com\/sl\/izdelek\/feferoni-mini-rdeci-v-grozdju-x-200-h-60-cm\/","title":{"rendered":"FEFERONI MINI RDE\u010cI V GROZDJU X 200 H-60 CM"},"content":{"rendered":"<p>Ta umetni grozd \u010dilijev je atraktivna dekoracija, ki s svojo intenzivno rde\u010do barvo in realisti\u010dno obliko posnema pravo verigo posu\u0161enih \u010dilijev. Ve\u010d deset posameznih \u010dilijev je povezanih v grozd, ki ustvarja naraven in izrazit vizualni u\u010dinek. Odli\u010den je kot dekorativna zelenjava v kuhinji, restavracijah, hotelskih zajtrkih, trgovinskih izlo\u017ebah ali pri fotografiranju hrane.nnIzdelan je iz kakovostnega in trpe\u017enega materiala, ki ohrani svojo barvo in obliko brez posebnega vzdr\u017eevanja. To umetno \u017eivilo za dekoracijo je prakti\u010dna re\u0161itev za vse, ki \u017eelijo izrazito barvit in avtenti\u010den ambient brez kvarjenja prave zelenjave.<\/p>\n","protected":false},"excerpt":{"rendered":"<p>Umetni grozd \u010dilijev \u2013 realisti\u010dna dekoracija pikantne zelenjave za kuhinjo, restavracije, hotele in trgovinske izlo\u017ebe.<\/p>\n","protected":false},"featured_media":41673,"comment_status":"closed","ping_status":"open","template":"","meta":[],"product_brand":[],"product_cat":[5290,5292],"product_tag":[],"class_list":{"0":"post-42167","1":"product","2":"type-product","3":"status-publish","4":"has-post-thumbnail","6":"product_cat-umetna-hrana","7":"product_cat-zelenjava","9":"first","10":"instock","11":"taxable","12":"shipping-taxable","13":"purchasable","14":"product-type-simple"},"_links":{"self":[{"href":"https:\/\/www.miravila.com\/sl\/wp-json\/wp\/v2\/product\/42167","targetHints":{"allow":["GET"]}}],"collection":[{"href":"https:\/\/www.miravila.com\/sl\/wp-json\/wp\/v2\/product"}],"about":[{"href":"https:\/\/www.miravila.com\/sl\/wp-json\/wp\/v2\/types\/product"}],"replies":[{"embeddable":true,"href":"https:\/\/www.miravila.com\/sl\/wp-json\/wp\/v2\/comments?post=42167"}],"wp:featuredmedia":[{"embeddable":true,"href":"https:\/\/www.miravila.com\/sl\/wp-json\/wp\/v2\/media\/41673"}],"wp:attachment":[{"href":"https:\/\/www.miravila.com\/sl\/wp-json\/wp\/v2\/media?parent=42167"}],"wp:term":[{"taxonomy":"product_brand","embeddable":true,"href":"https:\/\/www.miravila.com\/sl\/wp-json\/wp\/v2\/product_brand?post=42167"},{"taxonomy":"product_cat","embeddable":true,"href":"https:\/\/www.miravila.com\/sl\/wp-json\/wp\/v2\/product_cat?post=42167"},{"taxonomy":"product_tag","embeddable":true,"href":"https:\/\/www.miravila.com\/sl\/wp-json\/wp\/v2\/product_tag?post=42167"}],"curies":[{"name":"wp","href":"https:\/\/api.w.org\/{rel}","templated":true}]}}