{"id":42165,"date":"2025-09-11T10:35:02","date_gmt":"2025-09-11T08:35:02","guid":{"rendered":"https:\/\/www.miravila.com\/product\/zelena-pvc-h-28-cm\/"},"modified":"2025-09-11T10:38:22","modified_gmt":"2025-09-11T08:38:22","slug":"zelena-pvc-h-28-cm","status":"publish","type":"product","link":"https:\/\/www.miravila.com\/sl\/izdelek\/zelena-pvc-h-28-cm\/","title":{"rendered":"ZELENA PVC H-28 CM"},"content":{"rendered":"<p>Umetni stebelni zelene je oblikovan z veliko mero natan\u010dnosti, ki posnema sve\u017ee nabrano zelenjavo. Z zna\u010dilno svetlo zeleno barvo, realisti\u010dnimi listi in naravno strukturo stebel izgleda kot pravi zelene. Odli\u010den je kot dekorativna zelenjava v kuhinji, hotelskih zajtrkih, restavracijah, trgovinskih izlo\u017ebah ali kot rekvizit pri fotografiranju hrane.nnIzdelan je iz kakovostnega, trpe\u017enega materiala, ki ohrani svoj videz in obliko brez posebnega vzdr\u017eevanja. To umetno \u017eivilo za dekoracijo je prakti\u010dna re\u0161itev za vse, ki \u017eelijo ustvariti naraven in sve\u017e ambient brez kvarjenja prave zelenjave.<\/p>\n","protected":false},"excerpt":{"rendered":"<p>Umetni stebelni zelene \u2013 realisti\u010dna dekoracija zelenjave za kuhinjo, hotele, restavracije in trgovinske izlo\u017ebe.<\/p>\n","protected":false},"featured_media":41655,"comment_status":"closed","ping_status":"open","template":"","meta":[],"product_brand":[],"product_cat":[5290,5292],"product_tag":[],"class_list":{"0":"post-42165","1":"product","2":"type-product","3":"status-publish","4":"has-post-thumbnail","6":"product_cat-umetna-hrana","7":"product_cat-zelenjava","9":"first","10":"outofstock","11":"taxable","12":"shipping-taxable","13":"purchasable","14":"product-type-simple"},"_links":{"self":[{"href":"https:\/\/www.miravila.com\/sl\/wp-json\/wp\/v2\/product\/42165","targetHints":{"allow":["GET"]}}],"collection":[{"href":"https:\/\/www.miravila.com\/sl\/wp-json\/wp\/v2\/product"}],"about":[{"href":"https:\/\/www.miravila.com\/sl\/wp-json\/wp\/v2\/types\/product"}],"replies":[{"embeddable":true,"href":"https:\/\/www.miravila.com\/sl\/wp-json\/wp\/v2\/comments?post=42165"}],"wp:featuredmedia":[{"embeddable":true,"href":"https:\/\/www.miravila.com\/sl\/wp-json\/wp\/v2\/media\/41655"}],"wp:attachment":[{"href":"https:\/\/www.miravila.com\/sl\/wp-json\/wp\/v2\/media?parent=42165"}],"wp:term":[{"taxonomy":"product_brand","embeddable":true,"href":"https:\/\/www.miravila.com\/sl\/wp-json\/wp\/v2\/product_brand?post=42165"},{"taxonomy":"product_cat","embeddable":true,"href":"https:\/\/www.miravila.com\/sl\/wp-json\/wp\/v2\/product_cat?post=42165"},{"taxonomy":"product_tag","embeddable":true,"href":"https:\/\/www.miravila.com\/sl\/wp-json\/wp\/v2\/product_tag?post=42165"}],"curies":[{"name":"wp","href":"https:\/\/api.w.org\/{rel}","templated":true}]}}