{"id":42151,"date":"2025-09-11T10:34:55","date_gmt":"2025-09-11T08:34:55","guid":{"rendered":"https:\/\/www.miravila.com\/product\/limona-duke-h-65-cm-rumena-x-1\/"},"modified":"2025-09-11T10:38:12","modified_gmt":"2025-09-11T08:38:12","slug":"limona-duke-h-65-cm-rumena-x-1","status":"publish","type":"product","link":"https:\/\/www.miravila.com\/sl\/izdelek\/limona-duke-h-65-cm-rumena-x-1\/","title":{"rendered":"LIMONA DUKE H-6,5 CM RUMENA X 1"},"content":{"rendered":"<p>Ta umetna limona je oblikovana z veliko mero natan\u010dnosti, zato je na pogled skoraj identi\u010dna pravi limoni. Naravna rumena barva in rahlo hrapava tekstura lupine poskrbita za izjemno realisti\u010den videz. Odli\u010dna je kot dekorativno sadje v kuhinji, restavracijah, hotelskih zajtrkih, trgovinskih izlo\u017ebah ali kot rekvizit pri fotografiranju hrane.nnIzdelana je iz kakovostnega in trpe\u017enega materiala, ki ne zahteva posebnega vzdr\u017eevanja, hkrati pa ohrani sve\u017e izgled skozi leta. To umetno sadje za dekoracijo je idealna izbira za vse, ki \u017eelijo estetsko dovr\u0161ene aran\u017emaje brez kvarjenja pravega sadja.<\/p>\n","protected":false},"excerpt":{"rendered":"<p>Umetna limona \u2013 realisti\u010dno dekorativno sadje za kuhinjo, hotele, restavracije in izlo\u017ebe.<\/p>\n","protected":false},"featured_media":41273,"comment_status":"closed","ping_status":"open","template":"","meta":[],"product_brand":[],"product_cat":[5291,5290],"product_tag":[],"class_list":{"0":"post-42151","1":"product","2":"type-product","3":"status-publish","4":"has-post-thumbnail","6":"product_cat-sadje","7":"product_cat-umetna-hrana","9":"first","10":"outofstock","11":"taxable","12":"shipping-taxable","13":"purchasable","14":"product-type-simple"},"_links":{"self":[{"href":"https:\/\/www.miravila.com\/sl\/wp-json\/wp\/v2\/product\/42151","targetHints":{"allow":["GET"]}}],"collection":[{"href":"https:\/\/www.miravila.com\/sl\/wp-json\/wp\/v2\/product"}],"about":[{"href":"https:\/\/www.miravila.com\/sl\/wp-json\/wp\/v2\/types\/product"}],"replies":[{"embeddable":true,"href":"https:\/\/www.miravila.com\/sl\/wp-json\/wp\/v2\/comments?post=42151"}],"wp:featuredmedia":[{"embeddable":true,"href":"https:\/\/www.miravila.com\/sl\/wp-json\/wp\/v2\/media\/41273"}],"wp:attachment":[{"href":"https:\/\/www.miravila.com\/sl\/wp-json\/wp\/v2\/media?parent=42151"}],"wp:term":[{"taxonomy":"product_brand","embeddable":true,"href":"https:\/\/www.miravila.com\/sl\/wp-json\/wp\/v2\/product_brand?post=42151"},{"taxonomy":"product_cat","embeddable":true,"href":"https:\/\/www.miravila.com\/sl\/wp-json\/wp\/v2\/product_cat?post=42151"},{"taxonomy":"product_tag","embeddable":true,"href":"https:\/\/www.miravila.com\/sl\/wp-json\/wp\/v2\/product_tag?post=42151"}],"curies":[{"name":"wp","href":"https:\/\/api.w.org\/{rel}","templated":true}]}}