{"id":42150,"date":"2025-09-11T10:34:55","date_gmt":"2025-09-11T08:34:55","guid":{"rendered":"https:\/\/www.miravila.com\/product\/limone-light-5x7-set-8-zavitek-rumene\/"},"modified":"2025-09-11T10:38:11","modified_gmt":"2025-09-11T08:38:11","slug":"limone-light-5x7-set-8-zavitek-rumene","status":"publish","type":"product","link":"https:\/\/www.miravila.com\/sl\/izdelek\/limone-light-5x7-set-8-zavitek-rumene\/","title":{"rendered":"LIMONE LIGHT 5&#215;7 SET 8 ZAVITEK RUMENE"},"content":{"rendered":"<p>Umetna limona je \u010dudovita dekoracija, ki s svojo \u017eivahno rumeno barvo in realisti\u010dno teksturo popolnoma posnema pravi sade\u017e. Zaradi natan\u010dno oblikovane povr\u0161ine in naravnega videza je idealna kot dekorativno sadje v kuhinji, restavracijah, hotelskih zajtrkih, trgovinskih izlo\u017ebah ali pri fotografiranju hrane.nnIzdelana je iz kakovostnega in trpe\u017enega materiala, ki ne potrebuje posebnega vzdr\u017eevanja in dolgo ohrani sve\u017e videz. To umetno sadje za dekoracijo je odli\u010dna re\u0161itev, saj omogo\u010da estetsko dovr\u0161ene aran\u017emaje brez kvarjenja pravega sadja.<\/p>\n","protected":false},"excerpt":{"rendered":"<p>Umetna limona \u2013 realisti\u010dna dekoracija sadja za kuhinjo, izlo\u017ebe, restavracije in fotografske aran\u017emaje.<\/p>\n","protected":false},"featured_media":41252,"comment_status":"closed","ping_status":"open","template":"","meta":[],"product_brand":[],"product_cat":[5291,5290],"product_tag":[],"class_list":{"0":"post-42150","1":"product","2":"type-product","3":"status-publish","4":"has-post-thumbnail","6":"product_cat-sadje","7":"product_cat-umetna-hrana","9":"first","10":"instock","11":"taxable","12":"shipping-taxable","13":"purchasable","14":"product-type-simple"},"_links":{"self":[{"href":"https:\/\/www.miravila.com\/sl\/wp-json\/wp\/v2\/product\/42150","targetHints":{"allow":["GET"]}}],"collection":[{"href":"https:\/\/www.miravila.com\/sl\/wp-json\/wp\/v2\/product"}],"about":[{"href":"https:\/\/www.miravila.com\/sl\/wp-json\/wp\/v2\/types\/product"}],"replies":[{"embeddable":true,"href":"https:\/\/www.miravila.com\/sl\/wp-json\/wp\/v2\/comments?post=42150"}],"wp:featuredmedia":[{"embeddable":true,"href":"https:\/\/www.miravila.com\/sl\/wp-json\/wp\/v2\/media\/41252"}],"wp:attachment":[{"href":"https:\/\/www.miravila.com\/sl\/wp-json\/wp\/v2\/media?parent=42150"}],"wp:term":[{"taxonomy":"product_brand","embeddable":true,"href":"https:\/\/www.miravila.com\/sl\/wp-json\/wp\/v2\/product_brand?post=42150"},{"taxonomy":"product_cat","embeddable":true,"href":"https:\/\/www.miravila.com\/sl\/wp-json\/wp\/v2\/product_cat?post=42150"},{"taxonomy":"product_tag","embeddable":true,"href":"https:\/\/www.miravila.com\/sl\/wp-json\/wp\/v2\/product_tag?post=42150"}],"curies":[{"name":"wp","href":"https:\/\/api.w.org\/{rel}","templated":true}]}}