{"id":42147,"date":"2025-09-11T10:34:55","date_gmt":"2025-09-11T08:34:55","guid":{"rendered":"https:\/\/www.miravila.com\/product\/jabolko-granny-smith-h-8d-8-cm-x-1-zelen\/"},"modified":"2025-09-11T10:38:09","modified_gmt":"2025-09-11T08:38:09","slug":"jabolko-granny-smith-h-8d-8-cm-x-1-zelen","status":"publish","type":"product","link":"https:\/\/www.miravila.com\/sl\/izdelek\/jabolko-granny-smith-h-8d-8-cm-x-1-zelen\/","title":{"rendered":"JABOLKO GRANNY SMITH H-8,D-8 CM X 1 ZELEN"},"content":{"rendered":"<p>Umetno zeleno jabolko je elegantna dekoracija, ki posnema sve\u017ee Granny Smith jabolko. S svojo intenzivno zeleno barvo, naravnimi prehodi in realisti\u010dno obliko ustvarja popoln vtis pravega sadja. Primerno je kot dekorativno sadje v kuhinji, hotelskih zajtrkih, restavracijah, trgovinskih izlo\u017ebah ali kot rekvizit pri fotografiranju hrane.nnIzdelano je iz trpe\u017enega in kakovostnega materiala, ki ne zahteva vzdr\u017eevanja in dolgo ohrani svojo obliko ter barvo. To umetno sadje za dekoracijo je odli\u010dna izbira za vse, ki \u017eelijo naraven videz brez kvarjenja pravega sadja.<\/p>\n","protected":false},"excerpt":{"rendered":"<p>Umetno zeleno jabolko \u2013 realisti\u010dno dekorativno sadje za kuhinjo, restavracije, hotele in izlo\u017ebe.<\/p>\n","protected":false},"featured_media":41141,"comment_status":"closed","ping_status":"open","template":"","meta":[],"product_brand":[],"product_cat":[5291,5290],"product_tag":[],"class_list":{"0":"post-42147","1":"product","2":"type-product","3":"status-publish","4":"has-post-thumbnail","6":"product_cat-sadje","7":"product_cat-umetna-hrana","9":"first","10":"outofstock","11":"taxable","12":"shipping-taxable","13":"purchasable","14":"product-type-simple"},"_links":{"self":[{"href":"https:\/\/www.miravila.com\/sl\/wp-json\/wp\/v2\/product\/42147","targetHints":{"allow":["GET"]}}],"collection":[{"href":"https:\/\/www.miravila.com\/sl\/wp-json\/wp\/v2\/product"}],"about":[{"href":"https:\/\/www.miravila.com\/sl\/wp-json\/wp\/v2\/types\/product"}],"replies":[{"embeddable":true,"href":"https:\/\/www.miravila.com\/sl\/wp-json\/wp\/v2\/comments?post=42147"}],"wp:featuredmedia":[{"embeddable":true,"href":"https:\/\/www.miravila.com\/sl\/wp-json\/wp\/v2\/media\/41141"}],"wp:attachment":[{"href":"https:\/\/www.miravila.com\/sl\/wp-json\/wp\/v2\/media?parent=42147"}],"wp:term":[{"taxonomy":"product_brand","embeddable":true,"href":"https:\/\/www.miravila.com\/sl\/wp-json\/wp\/v2\/product_brand?post=42147"},{"taxonomy":"product_cat","embeddable":true,"href":"https:\/\/www.miravila.com\/sl\/wp-json\/wp\/v2\/product_cat?post=42147"},{"taxonomy":"product_tag","embeddable":true,"href":"https:\/\/www.miravila.com\/sl\/wp-json\/wp\/v2\/product_tag?post=42147"}],"curies":[{"name":"wp","href":"https:\/\/api.w.org\/{rel}","templated":true}]}}