{"id":37014,"date":"2024-11-11T16:41:37","date_gmt":"2024-11-11T15:41:37","guid":{"rendered":"https:\/\/www.miravila.com\/product\/penasta-palcka\/"},"modified":"2024-11-13T08:46:41","modified_gmt":"2024-11-13T07:46:41","slug":"penasta-palcka","status":"publish","type":"product","link":"https:\/\/www.miravila.com\/sl\/izdelek\/penasta-palcka\/","title":{"rendered":"Penasta pal\u010dka"},"content":{"rendered":"","protected":false},"excerpt":{"rendered":"<p>Penasta pal\u010dka je mehka in lahka igra\u010da, ki bo navdu\u0161ila otroke vseh starosti. Izdelana je iz visoko kakovostne pene, ki je varna in ne\u0161kodljiva za igro. Pal\u010dka ima prikupen dizajn, ki bo pritegnil otrokovo pozornost in spodbudil njegovo domi\u0161ljijo. S svojo mehkobo je idealna za stiskanje, metanje in igranje razli\u010dnih iger. Penasta pal\u010dka je tudi odli\u010dna za razvoj motori\u010dnih spretnosti in koordinacijo rok. Ne glede na to, ali se otrok igra sam ali v dru\u017ebi prijateljev, bo penasta pal\u010dka zagotovila ure zabave in igre.<\/p>\n","protected":false},"featured_media":37015,"comment_status":"closed","ping_status":"open","template":"","meta":[],"product_brand":[],"product_cat":[2084,3591],"product_tag":[],"class_list":{"0":"post-37014","1":"product","2":"type-product","3":"status-publish","4":"has-post-thumbnail","6":"product_cat-bozic-sl","7":"product_cat-novoletni-okraski","8":"pa_barva-rdeca","9":"pa_velikost-48-cm","11":"first","12":"outofstock","13":"taxable","14":"shipping-taxable","15":"purchasable","16":"product-type-simple"},"_links":{"self":[{"href":"https:\/\/www.miravila.com\/sl\/wp-json\/wp\/v2\/product\/37014","targetHints":{"allow":["GET"]}}],"collection":[{"href":"https:\/\/www.miravila.com\/sl\/wp-json\/wp\/v2\/product"}],"about":[{"href":"https:\/\/www.miravila.com\/sl\/wp-json\/wp\/v2\/types\/product"}],"replies":[{"embeddable":true,"href":"https:\/\/www.miravila.com\/sl\/wp-json\/wp\/v2\/comments?post=37014"}],"wp:featuredmedia":[{"embeddable":true,"href":"https:\/\/www.miravila.com\/sl\/wp-json\/wp\/v2\/media\/37015"}],"wp:attachment":[{"href":"https:\/\/www.miravila.com\/sl\/wp-json\/wp\/v2\/media?parent=37014"}],"wp:term":[{"taxonomy":"product_brand","embeddable":true,"href":"https:\/\/www.miravila.com\/sl\/wp-json\/wp\/v2\/product_brand?post=37014"},{"taxonomy":"product_cat","embeddable":true,"href":"https:\/\/www.miravila.com\/sl\/wp-json\/wp\/v2\/product_cat?post=37014"},{"taxonomy":"product_tag","embeddable":true,"href":"https:\/\/www.miravila.com\/sl\/wp-json\/wp\/v2\/product_tag?post=37014"}],"curies":[{"name":"wp","href":"https:\/\/api.w.org\/{rel}","templated":true}]}}