{"id":36966,"date":"2024-11-11T16:40:51","date_gmt":"2024-11-11T15:40:51","guid":{"rendered":"https:\/\/www.miravila.com\/product\/okrasne-kroglice-na-zici-iz-matiranega-stekla-7\/"},"modified":"2024-11-13T08:47:06","modified_gmt":"2024-11-13T07:47:06","slug":"okrasne-kroglice-na-zici-iz-matiranega-stekla-7","status":"publish","type":"product","link":"https:\/\/www.miravila.com\/sl\/izdelek\/okrasne-kroglice-na-zici-iz-matiranega-stekla-7\/","title":{"rendered":"Okrasne kroglice na \u017eici iz matiranega stekla"},"content":{"rendered":"","protected":false},"excerpt":{"rendered":"<p>Okrasne kroglice na \u017eici iz matiranega stekla so odli\u010den dodatek za popestritev va\u0161ega doma ali posebnih dogodkov. Izdelane so iz visokokakovostnega matiranega stekla, ki ustvarja eleganten videz. Kroglice so pritrjene na \u017eico, kar omogo\u010da enostavno pritrditev na razli\u010dne povr\u0161ine. Na voljo so v razli\u010dnih barvah in velikostih, zato lahko izberete tiste, ki se najbolje ujemajo z va\u0161im okusom in slogom. Okrasne kroglice na \u017eici iz matiranega stekla so idealen na\u010din, da dodate nekaj sijaja in elegancije svojemu prostoru ali posebnemu dogodku.<\/p>\n","protected":false},"featured_media":36967,"comment_status":"closed","ping_status":"open","template":"","meta":[],"product_brand":[],"product_cat":[2084,3591],"product_tag":[4765],"class_list":{"0":"post-36966","1":"product","2":"type-product","3":"status-publish","4":"has-post-thumbnail","6":"product_cat-bozic-sl","7":"product_cat-novoletni-okraski","8":"product_tag-kolekcija-polarna-noc","9":"pa_barva-modra","10":"pa_velikost-25-cm","12":"first","13":"outofstock","14":"taxable","15":"shipping-taxable","16":"purchasable","17":"product-type-simple"},"_links":{"self":[{"href":"https:\/\/www.miravila.com\/sl\/wp-json\/wp\/v2\/product\/36966","targetHints":{"allow":["GET"]}}],"collection":[{"href":"https:\/\/www.miravila.com\/sl\/wp-json\/wp\/v2\/product"}],"about":[{"href":"https:\/\/www.miravila.com\/sl\/wp-json\/wp\/v2\/types\/product"}],"replies":[{"embeddable":true,"href":"https:\/\/www.miravila.com\/sl\/wp-json\/wp\/v2\/comments?post=36966"}],"wp:featuredmedia":[{"embeddable":true,"href":"https:\/\/www.miravila.com\/sl\/wp-json\/wp\/v2\/media\/36967"}],"wp:attachment":[{"href":"https:\/\/www.miravila.com\/sl\/wp-json\/wp\/v2\/media?parent=36966"}],"wp:term":[{"taxonomy":"product_brand","embeddable":true,"href":"https:\/\/www.miravila.com\/sl\/wp-json\/wp\/v2\/product_brand?post=36966"},{"taxonomy":"product_cat","embeddable":true,"href":"https:\/\/www.miravila.com\/sl\/wp-json\/wp\/v2\/product_cat?post=36966"},{"taxonomy":"product_tag","embeddable":true,"href":"https:\/\/www.miravila.com\/sl\/wp-json\/wp\/v2\/product_tag?post=36966"}],"curies":[{"name":"wp","href":"https:\/\/api.w.org\/{rel}","templated":true}]}}