{"id":36902,"date":"2024-11-11T16:40:51","date_gmt":"2024-11-11T15:40:51","guid":{"rendered":"https:\/\/www.miravila.com\/product\/blescece-blescice-na-stekleni-zici-3\/"},"modified":"2024-11-13T08:47:00","modified_gmt":"2024-11-13T07:47:00","slug":"blescece-blescice-na-stekleni-zici-3","status":"publish","type":"product","link":"https:\/\/www.miravila.com\/sl\/izdelek\/blescece-blescice-na-stekleni-zici-3\/","title":{"rendered":"Ble\u0161\u010de\u010de ble\u0161\u010dice na stekleni \u017eici"},"content":{"rendered":"","protected":false},"excerpt":{"rendered":"<p>Ble\u0161\u010de\u010de ble\u0161\u010dice na stekleni \u017eici so popolna izbira za dodajanje sijaja in ble\u0161\u010dic v va\u0161e ustvarjalne projekte. Steklena \u017eica je trpe\u017ena in lahka, kar omogo\u010da enostavno uporabo in oblikovanje. Ble\u0161\u010de\u010de ble\u0161\u010dice so visoko kakovostne in se ne razsipajo, kar zagotavlja dolgotrajen sijaj. Uporabite jih lahko za okrasitev ro\u010dno izdelanih nakitov, vo\u0161\u010dilnic, scrapbookov in drugih ustvarjalnih projektov. Dodajte pridih elegance in ble\u0161\u010dic v va\u0161e umetni\u0161ke kreacije s temi \u010dudovitimi ble\u0161\u010dicami na stekleni \u017eici.<\/p>\n","protected":false},"featured_media":36903,"comment_status":"closed","ping_status":"open","template":"","meta":[],"product_brand":[],"product_cat":[2084,3591],"product_tag":[4762,4754,4770,4759],"class_list":{"0":"post-36902","1":"product","2":"type-product","3":"status-publish","4":"has-post-thumbnail","6":"product_cat-bozic-sl","7":"product_cat-novoletni-okraski","8":"product_tag-kolekcija-bozicna-domacnost","9":"product_tag-kolekcija-candy-cane","10":"product_tag-kolekcija-nutcracker","11":"product_tag-kolekcija-tradicionalen-bozic","12":"pa_barva-rdeca","13":"pa_velikost-25-cm","15":"first","16":"instock","17":"taxable","18":"shipping-taxable","19":"purchasable","20":"product-type-simple"},"_links":{"self":[{"href":"https:\/\/www.miravila.com\/sl\/wp-json\/wp\/v2\/product\/36902","targetHints":{"allow":["GET"]}}],"collection":[{"href":"https:\/\/www.miravila.com\/sl\/wp-json\/wp\/v2\/product"}],"about":[{"href":"https:\/\/www.miravila.com\/sl\/wp-json\/wp\/v2\/types\/product"}],"replies":[{"embeddable":true,"href":"https:\/\/www.miravila.com\/sl\/wp-json\/wp\/v2\/comments?post=36902"}],"wp:featuredmedia":[{"embeddable":true,"href":"https:\/\/www.miravila.com\/sl\/wp-json\/wp\/v2\/media\/36903"}],"wp:attachment":[{"href":"https:\/\/www.miravila.com\/sl\/wp-json\/wp\/v2\/media?parent=36902"}],"wp:term":[{"taxonomy":"product_brand","embeddable":true,"href":"https:\/\/www.miravila.com\/sl\/wp-json\/wp\/v2\/product_brand?post=36902"},{"taxonomy":"product_cat","embeddable":true,"href":"https:\/\/www.miravila.com\/sl\/wp-json\/wp\/v2\/product_cat?post=36902"},{"taxonomy":"product_tag","embeddable":true,"href":"https:\/\/www.miravila.com\/sl\/wp-json\/wp\/v2\/product_tag?post=36902"}],"curies":[{"name":"wp","href":"https:\/\/api.w.org\/{rel}","templated":true}]}}