{"id":36872,"date":"2024-11-11T16:40:51","date_gmt":"2024-11-11T15:40:51","guid":{"rendered":"https:\/\/www.miravila.com\/product\/okrasne-kroglice-steklene-sijajne-mat-mesane\/"},"modified":"2024-11-13T08:46:58","modified_gmt":"2024-11-13T07:46:58","slug":"okrasne-kroglice-steklene-sijajne-mat-mesane","status":"publish","type":"product","link":"https:\/\/www.miravila.com\/sl\/izdelek\/okrasne-kroglice-steklene-sijajne-mat-mesane\/","title":{"rendered":"Okrasne kroglice steklene sijajne, mat me\u0161ane"},"content":{"rendered":"","protected":false},"excerpt":{"rendered":"<p>Okrasne kroglice steklene sijajne in mat me\u0161ane barve so popoln dodatek za okrasitev va\u0161ega doma ali prazni\u010dnega drevesa. Izdelane iz visokokakovostnega stekla, so te kroglice odporne in trajne. Njihov sijaj in mat fini\u0161 ustvarjata zanimiv kontrast, ki bo pritegnil pozornost vsakogar. Me\u0161ane barve omogo\u010dajo, da se te kroglice prilagajajo razli\u010dnim temam in slogom okrasitve. S svojim \u010dudovitim sijajem bodo zagotovo dodale prazni\u010dno vzdu\u0161je in eleganco va\u0161emu domu. Ne glede na to, ali jih uporabljate za okrasitev drevesa, ven\u010dka ali mize, bodo te okrasne kroglice prinesle pridih glamurja in lepote v vsak prostor.<\/p>\n","protected":false},"featured_media":36873,"comment_status":"closed","ping_status":"open","template":"","meta":[],"product_brand":[],"product_cat":[2084,3591],"product_tag":[4753,4759,4760],"class_list":{"0":"post-36872","1":"product","2":"type-product","3":"status-publish","4":"has-post-thumbnail","6":"product_cat-bozic-sl","7":"product_cat-novoletni-okraski","8":"product_tag-kolekcija-adventna-svezina","9":"product_tag-kolekcija-tradicionalen-bozic","10":"product_tag-kolekcija-zelena-eleganca","11":"pa_barva-zelena","12":"pa_velikost-4458","14":"first","15":"outofstock","16":"taxable","17":"shipping-taxable","18":"purchasable","19":"product-type-simple"},"_links":{"self":[{"href":"https:\/\/www.miravila.com\/sl\/wp-json\/wp\/v2\/product\/36872","targetHints":{"allow":["GET"]}}],"collection":[{"href":"https:\/\/www.miravila.com\/sl\/wp-json\/wp\/v2\/product"}],"about":[{"href":"https:\/\/www.miravila.com\/sl\/wp-json\/wp\/v2\/types\/product"}],"replies":[{"embeddable":true,"href":"https:\/\/www.miravila.com\/sl\/wp-json\/wp\/v2\/comments?post=36872"}],"wp:featuredmedia":[{"embeddable":true,"href":"https:\/\/www.miravila.com\/sl\/wp-json\/wp\/v2\/media\/36873"}],"wp:attachment":[{"href":"https:\/\/www.miravila.com\/sl\/wp-json\/wp\/v2\/media?parent=36872"}],"wp:term":[{"taxonomy":"product_brand","embeddable":true,"href":"https:\/\/www.miravila.com\/sl\/wp-json\/wp\/v2\/product_brand?post=36872"},{"taxonomy":"product_cat","embeddable":true,"href":"https:\/\/www.miravila.com\/sl\/wp-json\/wp\/v2\/product_cat?post=36872"},{"taxonomy":"product_tag","embeddable":true,"href":"https:\/\/www.miravila.com\/sl\/wp-json\/wp\/v2\/product_tag?post=36872"}],"curies":[{"name":"wp","href":"https:\/\/api.w.org\/{rel}","templated":true}]}}