{"id":36867,"date":"2024-11-11T16:40:51","date_gmt":"2024-11-11T15:40:51","guid":{"rendered":"https:\/\/www.miravila.com\/product\/peneca-blesceca-blescica-za-okraske\/"},"modified":"2024-11-13T08:46:42","modified_gmt":"2024-11-13T07:46:42","slug":"peneca-blesceca-blescica-za-okraske","status":"publish","type":"product","link":"https:\/\/www.miravila.com\/sl\/izdelek\/peneca-blesceca-blescica-za-okraske\/","title":{"rendered":"Pene\u010da ble\u0161\u010de\u010da ble\u0161\u010dica za okraske"},"content":{"rendered":"","protected":false},"excerpt":{"rendered":"<p>Pene\u010da ble\u0161\u010de\u010da ble\u0161\u010dica za okraske je popoln dodatek za vse ljubitelje ustvarjalnosti. Ta \u010dudovita ble\u0161\u010de\u010da ble\u0161\u010dica bo va\u0161im okraskom dodala prav poseben sijaj in glamur. Z njo lahko okrasite bo\u017ei\u010dna drevesa, novoletne ven\u010dke, vo\u0161\u010dilnice, darila in \u0161e veliko ve\u010d. Pene\u010da tekstura ble\u0161\u010dice bo zagotovila, da bodo va\u0161i okraski izstopali in pritegnili poglede. Enostavno jo nanesite na \u017eeleno povr\u0161ino s pomo\u010djo prilo\u017eenega aplikatorja in u\u017eivajte v \u010darobnih trenutkih, ki jih bo ustvarila. Ne glede na to, ali ustvarjate za zabavo ali profesionalno, pene\u010da ble\u0161\u010de\u010da ble\u0161\u010dica za okraske bo zagotovo navdu\u0161ila in popestrila va\u0161e ustvarjalne projekte.<\/p>\n","protected":false},"featured_media":36868,"comment_status":"closed","ping_status":"open","template":"","meta":[],"product_brand":[],"product_cat":[2084,3591],"product_tag":[],"class_list":{"0":"post-36867","1":"product","2":"type-product","3":"status-publish","4":"has-post-thumbnail","6":"product_cat-bozic-sl","7":"product_cat-novoletni-okraski","8":"pa_barva-modra","9":"pa_velikost-4458","11":"first","12":"outofstock","13":"taxable","14":"shipping-taxable","15":"purchasable","16":"product-type-simple"},"_links":{"self":[{"href":"https:\/\/www.miravila.com\/sl\/wp-json\/wp\/v2\/product\/36867","targetHints":{"allow":["GET"]}}],"collection":[{"href":"https:\/\/www.miravila.com\/sl\/wp-json\/wp\/v2\/product"}],"about":[{"href":"https:\/\/www.miravila.com\/sl\/wp-json\/wp\/v2\/types\/product"}],"replies":[{"embeddable":true,"href":"https:\/\/www.miravila.com\/sl\/wp-json\/wp\/v2\/comments?post=36867"}],"wp:featuredmedia":[{"embeddable":true,"href":"https:\/\/www.miravila.com\/sl\/wp-json\/wp\/v2\/media\/36868"}],"wp:attachment":[{"href":"https:\/\/www.miravila.com\/sl\/wp-json\/wp\/v2\/media?parent=36867"}],"wp:term":[{"taxonomy":"product_brand","embeddable":true,"href":"https:\/\/www.miravila.com\/sl\/wp-json\/wp\/v2\/product_brand?post=36867"},{"taxonomy":"product_cat","embeddable":true,"href":"https:\/\/www.miravila.com\/sl\/wp-json\/wp\/v2\/product_cat?post=36867"},{"taxonomy":"product_tag","embeddable":true,"href":"https:\/\/www.miravila.com\/sl\/wp-json\/wp\/v2\/product_tag?post=36867"}],"curies":[{"name":"wp","href":"https:\/\/api.w.org\/{rel}","templated":true}]}}