{"id":36728,"date":"2024-11-11T16:39:11","date_gmt":"2024-11-11T15:39:11","guid":{"rendered":"https:\/\/www.miravila.com\/product\/zvezda-glitter-champagne\/"},"modified":"2024-11-13T08:47:46","modified_gmt":"2024-11-13T07:47:46","slug":"zvezda-glitter-champagne","status":"publish","type":"product","link":"https:\/\/www.miravila.com\/sl\/izdelek\/zvezda-glitter-champagne\/","title":{"rendered":"Zvezda glitter champagne"},"content":{"rendered":"","protected":false},"excerpt":{"rendered":"<p>Novoletni okrasek v obliki zvezde z zlatim ble\u0161\u010de\u010dim posipom.<\/p>\n","protected":false},"featured_media":36729,"comment_status":"closed","ping_status":"open","template":"","meta":[],"product_brand":[],"product_cat":[2084,3591],"product_tag":[4751],"class_list":{"0":"post-36728","1":"product","2":"type-product","3":"status-publish","4":"has-post-thumbnail","6":"product_cat-bozic-sl","7":"product_cat-novoletni-okraski","8":"product_tag-kolekcija-hollywoodski-glamur","9":"pa_barva-champagne","10":"pa_velikost-4453","11":"pa_velikost-19-cm","12":"pa_velikost-28-cm","14":"first","15":"outofstock","16":"taxable","17":"shipping-taxable","18":"purchasable","19":"product-type-variable","20":"has-default-attributes"},"_links":{"self":[{"href":"https:\/\/www.miravila.com\/sl\/wp-json\/wp\/v2\/product\/36728","targetHints":{"allow":["GET"]}}],"collection":[{"href":"https:\/\/www.miravila.com\/sl\/wp-json\/wp\/v2\/product"}],"about":[{"href":"https:\/\/www.miravila.com\/sl\/wp-json\/wp\/v2\/types\/product"}],"replies":[{"embeddable":true,"href":"https:\/\/www.miravila.com\/sl\/wp-json\/wp\/v2\/comments?post=36728"}],"wp:featuredmedia":[{"embeddable":true,"href":"https:\/\/www.miravila.com\/sl\/wp-json\/wp\/v2\/media\/36729"}],"wp:attachment":[{"href":"https:\/\/www.miravila.com\/sl\/wp-json\/wp\/v2\/media?parent=36728"}],"wp:term":[{"taxonomy":"product_brand","embeddable":true,"href":"https:\/\/www.miravila.com\/sl\/wp-json\/wp\/v2\/product_brand?post=36728"},{"taxonomy":"product_cat","embeddable":true,"href":"https:\/\/www.miravila.com\/sl\/wp-json\/wp\/v2\/product_cat?post=36728"},{"taxonomy":"product_tag","embeddable":true,"href":"https:\/\/www.miravila.com\/sl\/wp-json\/wp\/v2\/product_tag?post=36728"}],"curies":[{"name":"wp","href":"https:\/\/api.w.org\/{rel}","templated":true}]}}