{"id":36280,"date":"2024-11-11T16:34:36","date_gmt":"2024-11-11T15:34:36","guid":{"rendered":"https:\/\/www.miravila.com\/product\/krogla-trottola-rige-10-cm-prozorno-siva-2\/"},"modified":"2024-11-13T08:49:36","modified_gmt":"2024-11-13T07:49:36","slug":"krogla-trottola-rige-10-cm-prozorno-siva-2","status":"publish","type":"product","link":"https:\/\/www.miravila.com\/sl\/izdelek\/krogla-trottola-rige-10-cm-prozorno-siva-2\/","title":{"rendered":"Krogla-Trottola rige 10 cm prozorno-Siva"},"content":{"rendered":"","protected":false},"excerpt":{"rendered":"<p>Novoletni okrasek prosojnega videza z ble\u0161\u010de\u010dim posipom.<\/p>\n","protected":false},"featured_media":24512,"comment_status":"closed","ping_status":"open","template":"","meta":[],"product_brand":[],"product_cat":[2084,3591],"product_tag":[],"class_list":{"0":"post-36280","1":"product","2":"type-product","3":"status-publish","4":"has-post-thumbnail","6":"product_cat-bozic-sl","7":"product_cat-novoletni-okraski","8":"pa_barva-siva-sl","9":"pa_barva-transparentna","10":"pa_velikost-4453","12":"first","13":"outofstock","14":"taxable","15":"shipping-taxable","16":"purchasable","17":"product-type-simple"},"_links":{"self":[{"href":"https:\/\/www.miravila.com\/sl\/wp-json\/wp\/v2\/product\/36280","targetHints":{"allow":["GET"]}}],"collection":[{"href":"https:\/\/www.miravila.com\/sl\/wp-json\/wp\/v2\/product"}],"about":[{"href":"https:\/\/www.miravila.com\/sl\/wp-json\/wp\/v2\/types\/product"}],"replies":[{"embeddable":true,"href":"https:\/\/www.miravila.com\/sl\/wp-json\/wp\/v2\/comments?post=36280"}],"wp:featuredmedia":[{"embeddable":true,"href":"https:\/\/www.miravila.com\/sl\/wp-json\/wp\/v2\/media\/24512"}],"wp:attachment":[{"href":"https:\/\/www.miravila.com\/sl\/wp-json\/wp\/v2\/media?parent=36280"}],"wp:term":[{"taxonomy":"product_brand","embeddable":true,"href":"https:\/\/www.miravila.com\/sl\/wp-json\/wp\/v2\/product_brand?post=36280"},{"taxonomy":"product_cat","embeddable":true,"href":"https:\/\/www.miravila.com\/sl\/wp-json\/wp\/v2\/product_cat?post=36280"},{"taxonomy":"product_tag","embeddable":true,"href":"https:\/\/www.miravila.com\/sl\/wp-json\/wp\/v2\/product_tag?post=36280"}],"curies":[{"name":"wp","href":"https:\/\/api.w.org\/{rel}","templated":true}]}}