{"id":36177,"date":"2024-11-11T16:33:17","date_gmt":"2024-11-11T15:33:17","guid":{"rendered":"https:\/\/www.miravila.com\/product\/krogla-steklo-quadrif-d-10-cm-x1-rozica-4\/"},"modified":"2024-11-13T08:50:14","modified_gmt":"2024-11-13T07:50:14","slug":"krogla-steklo-quadrif-d-10-cm-x1-rozica-4","status":"publish","type":"product","link":"https:\/\/www.miravila.com\/sl\/izdelek\/krogla-steklo-quadrif-d-10-cm-x1-rozica-4\/","title":{"rendered":"Krogla steklo quadrif. d-10 cm x1\/ro\u017eica"},"content":{"rendered":"","protected":false},"excerpt":{"rendered":"<p>Novoletni okrasek rde\u010de barve s cvetli\u010dnim motivom in diamantnim detajlom.<\/p>\n","protected":false},"featured_media":36178,"comment_status":"closed","ping_status":"open","template":"","meta":[],"product_brand":[],"product_cat":[2084,3591],"product_tag":[4763],"class_list":{"0":"post-36177","1":"product","2":"type-product","3":"status-publish","4":"has-post-thumbnail","6":"product_cat-bozic-sl","7":"product_cat-novoletni-okraski","8":"product_tag-kolekcija-adventni-punc","9":"pa_barva-roza","10":"pa_velikost-4453","12":"first","13":"instock","14":"taxable","15":"shipping-taxable","16":"purchasable","17":"product-type-simple"},"_links":{"self":[{"href":"https:\/\/www.miravila.com\/sl\/wp-json\/wp\/v2\/product\/36177","targetHints":{"allow":["GET"]}}],"collection":[{"href":"https:\/\/www.miravila.com\/sl\/wp-json\/wp\/v2\/product"}],"about":[{"href":"https:\/\/www.miravila.com\/sl\/wp-json\/wp\/v2\/types\/product"}],"replies":[{"embeddable":true,"href":"https:\/\/www.miravila.com\/sl\/wp-json\/wp\/v2\/comments?post=36177"}],"wp:featuredmedia":[{"embeddable":true,"href":"https:\/\/www.miravila.com\/sl\/wp-json\/wp\/v2\/media\/36178"}],"wp:attachment":[{"href":"https:\/\/www.miravila.com\/sl\/wp-json\/wp\/v2\/media?parent=36177"}],"wp:term":[{"taxonomy":"product_brand","embeddable":true,"href":"https:\/\/www.miravila.com\/sl\/wp-json\/wp\/v2\/product_brand?post=36177"},{"taxonomy":"product_cat","embeddable":true,"href":"https:\/\/www.miravila.com\/sl\/wp-json\/wp\/v2\/product_cat?post=36177"},{"taxonomy":"product_tag","embeddable":true,"href":"https:\/\/www.miravila.com\/sl\/wp-json\/wp\/v2\/product_tag?post=36177"}],"curies":[{"name":"wp","href":"https:\/\/api.w.org\/{rel}","templated":true}]}}