{"id":36153,"date":"2024-11-11T16:33:17","date_gmt":"2024-11-11T15:33:17","guid":{"rendered":"https:\/\/www.miravila.com\/product\/krogla-steklo-crte-posip\/"},"modified":"2024-11-13T08:49:54","modified_gmt":"2024-11-13T07:49:54","slug":"krogla-steklo-crte-posip","status":"publish","type":"product","link":"https:\/\/www.miravila.com\/sl\/izdelek\/krogla-steklo-crte-posip\/","title":{"rendered":"Krogla steklo \u010crte posip"},"content":{"rendered":"","protected":false},"excerpt":{"rendered":"<p>Novoletni okrasek rde\u010de barve z ble\u0161\u010de\u010dimi ornamenti.<\/p>\n","protected":false},"featured_media":36154,"comment_status":"closed","ping_status":"open","template":"","meta":[],"product_brand":[],"product_cat":[2084,3591],"product_tag":[4762,4754,4770,4759],"class_list":{"0":"post-36153","1":"product","2":"type-product","3":"status-publish","4":"has-post-thumbnail","6":"product_cat-bozic-sl","7":"product_cat-novoletni-okraski","8":"product_tag-kolekcija-bozicna-domacnost","9":"product_tag-kolekcija-candy-cane","10":"product_tag-kolekcija-nutcracker","11":"product_tag-kolekcija-tradicionalen-bozic","12":"pa_barva-rdeca","13":"pa_velikost-4453","14":"pa_velikost-4458","16":"first","17":"instock","18":"taxable","19":"shipping-taxable","20":"purchasable","21":"product-type-variable","22":"has-default-attributes"},"_links":{"self":[{"href":"https:\/\/www.miravila.com\/sl\/wp-json\/wp\/v2\/product\/36153","targetHints":{"allow":["GET"]}}],"collection":[{"href":"https:\/\/www.miravila.com\/sl\/wp-json\/wp\/v2\/product"}],"about":[{"href":"https:\/\/www.miravila.com\/sl\/wp-json\/wp\/v2\/types\/product"}],"replies":[{"embeddable":true,"href":"https:\/\/www.miravila.com\/sl\/wp-json\/wp\/v2\/comments?post=36153"}],"wp:featuredmedia":[{"embeddable":true,"href":"https:\/\/www.miravila.com\/sl\/wp-json\/wp\/v2\/media\/36154"}],"wp:attachment":[{"href":"https:\/\/www.miravila.com\/sl\/wp-json\/wp\/v2\/media?parent=36153"}],"wp:term":[{"taxonomy":"product_brand","embeddable":true,"href":"https:\/\/www.miravila.com\/sl\/wp-json\/wp\/v2\/product_brand?post=36153"},{"taxonomy":"product_cat","embeddable":true,"href":"https:\/\/www.miravila.com\/sl\/wp-json\/wp\/v2\/product_cat?post=36153"},{"taxonomy":"product_tag","embeddable":true,"href":"https:\/\/www.miravila.com\/sl\/wp-json\/wp\/v2\/product_tag?post=36153"}],"curies":[{"name":"wp","href":"https:\/\/api.w.org\/{rel}","templated":true}]}}