{"id":36113,"date":"2024-11-11T16:32:48","date_gmt":"2024-11-11T15:32:48","guid":{"rendered":"https:\/\/www.miravila.com\/product\/vaza-skorenj-ker-dedek-mraz-h-19x23x10-cm-rdec-2\/"},"modified":"2024-11-13T08:50:24","modified_gmt":"2024-11-13T07:50:24","slug":"vaza-skorenj-ker-dedek-mraz-h-19x23x10-cm-rdec-2","status":"publish","type":"product","link":"https:\/\/www.miravila.com\/sl\/izdelek\/vaza-skorenj-ker-dedek-mraz-h-19x23x10-cm-rdec-2\/","title":{"rendered":"Vaza-\u0160korenj ker. dedek mraz h-19x23x10 cm rde\u010d"},"content":{"rendered":"","protected":false},"excerpt":{"rendered":"<p>Novoletna vaza v obliki bo\u017ei\u010dnega \u0161kornja.<\/p>\n","protected":false},"featured_media":25394,"comment_status":"closed","ping_status":"open","template":"","meta":[],"product_brand":[],"product_cat":[2084,3591],"product_tag":[],"class_list":{"0":"post-36113","1":"product","2":"type-product","3":"status-publish","4":"has-post-thumbnail","6":"product_cat-bozic-sl","7":"product_cat-novoletni-okraski","8":"pa_barva-rdeca","9":"pa_velikost-19-cm","11":"first","12":"outofstock","13":"taxable","14":"shipping-taxable","15":"purchasable","16":"product-type-simple"},"_links":{"self":[{"href":"https:\/\/www.miravila.com\/sl\/wp-json\/wp\/v2\/product\/36113","targetHints":{"allow":["GET"]}}],"collection":[{"href":"https:\/\/www.miravila.com\/sl\/wp-json\/wp\/v2\/product"}],"about":[{"href":"https:\/\/www.miravila.com\/sl\/wp-json\/wp\/v2\/types\/product"}],"replies":[{"embeddable":true,"href":"https:\/\/www.miravila.com\/sl\/wp-json\/wp\/v2\/comments?post=36113"}],"wp:featuredmedia":[{"embeddable":true,"href":"https:\/\/www.miravila.com\/sl\/wp-json\/wp\/v2\/media\/25394"}],"wp:attachment":[{"href":"https:\/\/www.miravila.com\/sl\/wp-json\/wp\/v2\/media?parent=36113"}],"wp:term":[{"taxonomy":"product_brand","embeddable":true,"href":"https:\/\/www.miravila.com\/sl\/wp-json\/wp\/v2\/product_brand?post=36113"},{"taxonomy":"product_cat","embeddable":true,"href":"https:\/\/www.miravila.com\/sl\/wp-json\/wp\/v2\/product_cat?post=36113"},{"taxonomy":"product_tag","embeddable":true,"href":"https:\/\/www.miravila.com\/sl\/wp-json\/wp\/v2\/product_tag?post=36113"}],"curies":[{"name":"wp","href":"https:\/\/api.w.org\/{rel}","templated":true}]}}