{"id":35980,"date":"2024-11-11T16:31:41","date_gmt":"2024-11-11T15:31:41","guid":{"rendered":"https:\/\/www.miravila.com\/product\/krogla-steklo-zlate-vejice-d-8-cm-belo-zlata-2\/"},"modified":"2024-11-13T08:50:56","modified_gmt":"2024-11-13T07:50:56","slug":"krogla-steklo-zlate-vejice-d-8-cm-belo-zlata-2","status":"publish","type":"product","link":"https:\/\/www.miravila.com\/sl\/izdelek\/krogla-steklo-zlate-vejice-d-8-cm-belo-zlata-2\/","title":{"rendered":"Krogla steklo zlate vejice d-8 cm belo-Zlata"},"content":{"rendered":"","protected":false},"excerpt":{"rendered":"<p>Novoletni okrasek iz belega stekla s poslikanimi ble\u0161\u010de\u010dimi zlatimi vejicami.<\/p>\n","protected":false},"featured_media":35981,"comment_status":"closed","ping_status":"open","template":"","meta":[],"product_brand":[],"product_cat":[2084,3591],"product_tag":[4751,4752],"class_list":{"0":"post-35980","1":"product","2":"type-product","3":"status-publish","4":"has-post-thumbnail","6":"product_cat-bozic-sl","7":"product_cat-novoletni-okraski","8":"product_tag-kolekcija-hollywoodski-glamur","9":"product_tag-kolekcija-kraljevi-dvor","10":"pa_barva-bela","11":"pa_barva-zlata","12":"pa_premer-4408","13":"pa_velikost-4458","15":"first","16":"instock","17":"taxable","18":"shipping-taxable","19":"purchasable","20":"product-type-simple"},"_links":{"self":[{"href":"https:\/\/www.miravila.com\/sl\/wp-json\/wp\/v2\/product\/35980","targetHints":{"allow":["GET"]}}],"collection":[{"href":"https:\/\/www.miravila.com\/sl\/wp-json\/wp\/v2\/product"}],"about":[{"href":"https:\/\/www.miravila.com\/sl\/wp-json\/wp\/v2\/types\/product"}],"replies":[{"embeddable":true,"href":"https:\/\/www.miravila.com\/sl\/wp-json\/wp\/v2\/comments?post=35980"}],"wp:featuredmedia":[{"embeddable":true,"href":"https:\/\/www.miravila.com\/sl\/wp-json\/wp\/v2\/media\/35981"}],"wp:attachment":[{"href":"https:\/\/www.miravila.com\/sl\/wp-json\/wp\/v2\/media?parent=35980"}],"wp:term":[{"taxonomy":"product_brand","embeddable":true,"href":"https:\/\/www.miravila.com\/sl\/wp-json\/wp\/v2\/product_brand?post=35980"},{"taxonomy":"product_cat","embeddable":true,"href":"https:\/\/www.miravila.com\/sl\/wp-json\/wp\/v2\/product_cat?post=35980"},{"taxonomy":"product_tag","embeddable":true,"href":"https:\/\/www.miravila.com\/sl\/wp-json\/wp\/v2\/product_tag?post=35980"}],"curies":[{"name":"wp","href":"https:\/\/api.w.org\/{rel}","templated":true}]}}