{"id":35241,"date":"2024-11-10T14:03:37","date_gmt":"2024-11-10T13:03:37","guid":{"rendered":"https:\/\/www.miravila.com\/product\/nandina-pailletes-veja-h-83-cm-rjava\/"},"modified":"2024-11-13T08:51:44","modified_gmt":"2024-11-13T07:51:44","slug":"nandina-pailletes-veja-h-83-cm-rjava","status":"publish","type":"product","link":"https:\/\/www.miravila.com\/sl\/izdelek\/nandina-pailletes-veja-h-83-cm-rjava\/","title":{"rendered":"Nandina pailletes veja h-83 cm rjava"},"content":{"rendered":"","protected":false},"excerpt":{"rendered":"<p>Razvejana veja temno zlate barve z ble\u0161\u010de\u010dim posipom.<\/p>\n","protected":false},"featured_media":35242,"comment_status":"closed","ping_status":"open","template":"","meta":[],"product_brand":[],"product_cat":[2084,4744],"product_tag":[4763,4777],"class_list":{"0":"post-35241","1":"product","2":"type-product","3":"status-publish","4":"has-post-thumbnail","6":"product_cat-bozic-sl","7":"product_cat-novoletne-roze","8":"product_tag-kolekcija-adventni-punc","9":"product_tag-kolekcija-roza","10":"pa_velikost-83-cm","12":"first","13":"outofstock","14":"taxable","15":"shipping-taxable","16":"purchasable","17":"product-type-simple"},"_links":{"self":[{"href":"https:\/\/www.miravila.com\/sl\/wp-json\/wp\/v2\/product\/35241","targetHints":{"allow":["GET"]}}],"collection":[{"href":"https:\/\/www.miravila.com\/sl\/wp-json\/wp\/v2\/product"}],"about":[{"href":"https:\/\/www.miravila.com\/sl\/wp-json\/wp\/v2\/types\/product"}],"replies":[{"embeddable":true,"href":"https:\/\/www.miravila.com\/sl\/wp-json\/wp\/v2\/comments?post=35241"}],"wp:featuredmedia":[{"embeddable":true,"href":"https:\/\/www.miravila.com\/sl\/wp-json\/wp\/v2\/media\/35242"}],"wp:attachment":[{"href":"https:\/\/www.miravila.com\/sl\/wp-json\/wp\/v2\/media?parent=35241"}],"wp:term":[{"taxonomy":"product_brand","embeddable":true,"href":"https:\/\/www.miravila.com\/sl\/wp-json\/wp\/v2\/product_brand?post=35241"},{"taxonomy":"product_cat","embeddable":true,"href":"https:\/\/www.miravila.com\/sl\/wp-json\/wp\/v2\/product_cat?post=35241"},{"taxonomy":"product_tag","embeddable":true,"href":"https:\/\/www.miravila.com\/sl\/wp-json\/wp\/v2\/product_tag?post=35241"}],"curies":[{"name":"wp","href":"https:\/\/api.w.org\/{rel}","templated":true}]}}