{"id":35096,"date":"2024-11-10T14:03:08","date_gmt":"2024-11-10T13:03:08","guid":{"rendered":"https:\/\/www.miravila.com\/product\/bozicna-zvezda-bell-veja-74-cm-rumeno-zlata\/"},"modified":"2024-11-13T08:51:49","modified_gmt":"2024-11-13T07:51:49","slug":"bozicna-zvezda-bell-veja-74-cm-rumeno-zlata","status":"publish","type":"product","link":"https:\/\/www.miravila.com\/sl\/izdelek\/bozicna-zvezda-bell-veja-74-cm-rumeno-zlata\/","title":{"rendered":"Bo\u017ei\u010dna zvezda bell veja 74 cm rumeno-Zlata"},"content":{"rendered":"","protected":false},"excerpt":{"rendered":"<p>Cvet bo\u017ei\u010dne zvezde v rumeno-zlati barvi na steblu.<\/p>\n","protected":false},"featured_media":35097,"comment_status":"closed","ping_status":"open","template":"","meta":[],"product_brand":[],"product_cat":[2084,4744],"product_tag":[4752,4760],"class_list":{"0":"post-35096","1":"product","2":"type-product","3":"status-publish","4":"has-post-thumbnail","6":"product_cat-bozic-sl","7":"product_cat-novoletne-roze","8":"product_tag-kolekcija-kraljevi-dvor","9":"product_tag-kolekcija-zelena-eleganca","10":"pa_velikost-74-cm","12":"first","13":"outofstock","14":"taxable","15":"shipping-taxable","16":"purchasable","17":"product-type-simple"},"_links":{"self":[{"href":"https:\/\/www.miravila.com\/sl\/wp-json\/wp\/v2\/product\/35096","targetHints":{"allow":["GET"]}}],"collection":[{"href":"https:\/\/www.miravila.com\/sl\/wp-json\/wp\/v2\/product"}],"about":[{"href":"https:\/\/www.miravila.com\/sl\/wp-json\/wp\/v2\/types\/product"}],"replies":[{"embeddable":true,"href":"https:\/\/www.miravila.com\/sl\/wp-json\/wp\/v2\/comments?post=35096"}],"wp:featuredmedia":[{"embeddable":true,"href":"https:\/\/www.miravila.com\/sl\/wp-json\/wp\/v2\/media\/35097"}],"wp:attachment":[{"href":"https:\/\/www.miravila.com\/sl\/wp-json\/wp\/v2\/media?parent=35096"}],"wp:term":[{"taxonomy":"product_brand","embeddable":true,"href":"https:\/\/www.miravila.com\/sl\/wp-json\/wp\/v2\/product_brand?post=35096"},{"taxonomy":"product_cat","embeddable":true,"href":"https:\/\/www.miravila.com\/sl\/wp-json\/wp\/v2\/product_cat?post=35096"},{"taxonomy":"product_tag","embeddable":true,"href":"https:\/\/www.miravila.com\/sl\/wp-json\/wp\/v2\/product_tag?post=35096"}],"curies":[{"name":"wp","href":"https:\/\/api.w.org\/{rel}","templated":true}]}}