{"id":34943,"date":"2024-11-10T14:01:36","date_gmt":"2024-11-10T13:01:36","guid":{"rendered":"https:\/\/www.miravila.com\/product\/bozicna-zvezda-na-sponki-iz-poliestra-z-metalnim-zakljuckom\/"},"modified":"2024-11-13T08:52:29","modified_gmt":"2024-11-13T07:52:29","slug":"bozicna-zvezda-na-sponki-iz-poliestra-z-metalnim-zakljuckom","status":"publish","type":"product","link":"https:\/\/www.miravila.com\/sl\/izdelek\/bozicna-zvezda-na-sponki-iz-poliestra-z-metalnim-zakljuckom\/","title":{"rendered":"Bo\u017ei\u010dna zvezda na sponki iz poliestra z metalnim zaklju\u010dkom"},"content":{"rendered":"","protected":false},"excerpt":{"rendered":"<p>Bo\u017ei\u010dna zvezda na sponki je izdelana iz poliestra z metalnim zaklju\u010dkom. Ta \u010dudovita bo\u017ei\u010dna dekoracija je popolna za popestritev va\u0161ega prazni\u010dnega okrasja. Zvezda je pritrjena na sponko, ki omogo\u010da enostavno pritrditev na razli\u010dne povr\u0161ine, kot so drevesa, ven\u010dki ali okenske police. Izdelana je iz trpe\u017enega poliestra, ki zagotavlja dolgo \u017eivljenjsko dobo izdelka. Metalni zaklju\u010dek pa dodaja eleganten in sijo\u010d videz. Bo\u017ei\u010dna zvezda na sponki je odli\u010dna izbira za dodajanje prazni\u010dnega vzdu\u0161ja v va\u0161 dom ali pisarno.<\/p>\n","protected":false},"featured_media":34944,"comment_status":"closed","ping_status":"open","template":"","meta":[],"product_brand":[],"product_cat":[2084,4744],"product_tag":[],"class_list":{"0":"post-34943","1":"product","2":"type-product","3":"status-publish","4":"has-post-thumbnail","6":"product_cat-bozic-sl","7":"product_cat-novoletne-roze","8":"pa_barva-zlata","9":"pa_velikost-28-cm","11":"first","12":"outofstock","13":"taxable","14":"shipping-taxable","15":"purchasable","16":"product-type-simple"},"_links":{"self":[{"href":"https:\/\/www.miravila.com\/sl\/wp-json\/wp\/v2\/product\/34943","targetHints":{"allow":["GET"]}}],"collection":[{"href":"https:\/\/www.miravila.com\/sl\/wp-json\/wp\/v2\/product"}],"about":[{"href":"https:\/\/www.miravila.com\/sl\/wp-json\/wp\/v2\/types\/product"}],"replies":[{"embeddable":true,"href":"https:\/\/www.miravila.com\/sl\/wp-json\/wp\/v2\/comments?post=34943"}],"wp:featuredmedia":[{"embeddable":true,"href":"https:\/\/www.miravila.com\/sl\/wp-json\/wp\/v2\/media\/34944"}],"wp:attachment":[{"href":"https:\/\/www.miravila.com\/sl\/wp-json\/wp\/v2\/media?parent=34943"}],"wp:term":[{"taxonomy":"product_brand","embeddable":true,"href":"https:\/\/www.miravila.com\/sl\/wp-json\/wp\/v2\/product_brand?post=34943"},{"taxonomy":"product_cat","embeddable":true,"href":"https:\/\/www.miravila.com\/sl\/wp-json\/wp\/v2\/product_cat?post=34943"},{"taxonomy":"product_tag","embeddable":true,"href":"https:\/\/www.miravila.com\/sl\/wp-json\/wp\/v2\/product_tag?post=34943"}],"curies":[{"name":"wp","href":"https:\/\/api.w.org\/{rel}","templated":true}]}}