{"id":34903,"date":"2024-11-10T14:01:36","date_gmt":"2024-11-10T13:01:36","guid":{"rendered":"https:\/\/www.miravila.com\/product\/bozicna-zvezda-zamet-glitter-pik-d-28-cm-zlata\/"},"modified":"2024-11-13T08:52:26","modified_gmt":"2024-11-13T07:52:26","slug":"bozicna-zvezda-zamet-glitter-pik-d-28-cm-zlata","status":"publish","type":"product","link":"https:\/\/www.miravila.com\/sl\/izdelek\/bozicna-zvezda-zamet-glitter-pik-d-28-cm-zlata\/","title":{"rendered":"Bo\u017di\u010cna zvezda \u017damet glitter pik d-28 cm zlata"},"content":{"rendered":"","protected":false},"excerpt":{"rendered":"<p>Novoletni okrasek BO\u017dI\u010cNA ZVEZDA \u017dAMET GLITTER PIK D-28 CM ZLATA<\/p>\n","protected":false},"featured_media":34904,"comment_status":"closed","ping_status":"open","template":"","meta":[],"product_brand":[],"product_cat":[2084,4744],"product_tag":[],"class_list":{"0":"post-34903","1":"product","2":"type-product","3":"status-publish","4":"has-post-thumbnail","6":"product_cat-bozic-sl","7":"product_cat-novoletne-roze","8":"pa_barva-zlata","9":"pa_velikost-28-cm","11":"first","12":"outofstock","13":"taxable","14":"shipping-taxable","15":"purchasable","16":"product-type-simple"},"_links":{"self":[{"href":"https:\/\/www.miravila.com\/sl\/wp-json\/wp\/v2\/product\/34903","targetHints":{"allow":["GET"]}}],"collection":[{"href":"https:\/\/www.miravila.com\/sl\/wp-json\/wp\/v2\/product"}],"about":[{"href":"https:\/\/www.miravila.com\/sl\/wp-json\/wp\/v2\/types\/product"}],"replies":[{"embeddable":true,"href":"https:\/\/www.miravila.com\/sl\/wp-json\/wp\/v2\/comments?post=34903"}],"wp:featuredmedia":[{"embeddable":true,"href":"https:\/\/www.miravila.com\/sl\/wp-json\/wp\/v2\/media\/34904"}],"wp:attachment":[{"href":"https:\/\/www.miravila.com\/sl\/wp-json\/wp\/v2\/media?parent=34903"}],"wp:term":[{"taxonomy":"product_brand","embeddable":true,"href":"https:\/\/www.miravila.com\/sl\/wp-json\/wp\/v2\/product_brand?post=34903"},{"taxonomy":"product_cat","embeddable":true,"href":"https:\/\/www.miravila.com\/sl\/wp-json\/wp\/v2\/product_cat?post=34903"},{"taxonomy":"product_tag","embeddable":true,"href":"https:\/\/www.miravila.com\/sl\/wp-json\/wp\/v2\/product_tag?post=34903"}],"curies":[{"name":"wp","href":"https:\/\/api.w.org\/{rel}","templated":true}]}}