{"id":34893,"date":"2024-11-10T14:01:36","date_gmt":"2024-11-10T13:01:36","guid":{"rendered":"https:\/\/www.miravila.com\/product\/bozicna-zvezda-cvet-glitter-scipalka-15cm-x1zlata\/"},"modified":"2024-11-13T08:52:25","modified_gmt":"2024-11-13T07:52:25","slug":"bozicna-zvezda-cvet-glitter-scipalka-15cm-x1zlata","status":"publish","type":"product","link":"https:\/\/www.miravila.com\/sl\/izdelek\/bozicna-zvezda-cvet-glitter-scipalka-15cm-x1zlata\/","title":{"rendered":"Bo\u017di\u010cna zvezda cvet glitter-\u0160\u010cipalka 15cm x1zlata"},"content":{"rendered":"","protected":false},"excerpt":{"rendered":"<p>Novoletni okrasek BO\u017dI\u010cNA ZVEZDA CVET GLITTER-\u0160\u010cIPALKA 15CM X1ZLATA<\/p>\n","protected":false},"featured_media":34894,"comment_status":"closed","ping_status":"open","template":"","meta":[],"product_brand":[],"product_cat":[2084,4744],"product_tag":[4762,4752,4760],"class_list":{"0":"post-34893","1":"product","2":"type-product","3":"status-publish","4":"has-post-thumbnail","6":"product_cat-bozic-sl","7":"product_cat-novoletne-roze","8":"product_tag-kolekcija-bozicna-domacnost","9":"product_tag-kolekcija-kraljevi-dvor","10":"product_tag-kolekcija-zelena-eleganca","11":"pa_barva-zlata","12":"pa_velikost-4453","14":"first","15":"instock","16":"taxable","17":"shipping-taxable","18":"purchasable","19":"product-type-simple"},"_links":{"self":[{"href":"https:\/\/www.miravila.com\/sl\/wp-json\/wp\/v2\/product\/34893","targetHints":{"allow":["GET"]}}],"collection":[{"href":"https:\/\/www.miravila.com\/sl\/wp-json\/wp\/v2\/product"}],"about":[{"href":"https:\/\/www.miravila.com\/sl\/wp-json\/wp\/v2\/types\/product"}],"replies":[{"embeddable":true,"href":"https:\/\/www.miravila.com\/sl\/wp-json\/wp\/v2\/comments?post=34893"}],"wp:featuredmedia":[{"embeddable":true,"href":"https:\/\/www.miravila.com\/sl\/wp-json\/wp\/v2\/media\/34894"}],"wp:attachment":[{"href":"https:\/\/www.miravila.com\/sl\/wp-json\/wp\/v2\/media?parent=34893"}],"wp:term":[{"taxonomy":"product_brand","embeddable":true,"href":"https:\/\/www.miravila.com\/sl\/wp-json\/wp\/v2\/product_brand?post=34893"},{"taxonomy":"product_cat","embeddable":true,"href":"https:\/\/www.miravila.com\/sl\/wp-json\/wp\/v2\/product_cat?post=34893"},{"taxonomy":"product_tag","embeddable":true,"href":"https:\/\/www.miravila.com\/sl\/wp-json\/wp\/v2\/product_tag?post=34893"}],"curies":[{"name":"wp","href":"https:\/\/api.w.org\/{rel}","templated":true}]}}