{"id":34803,"date":"2024-11-10T14:00:28","date_gmt":"2024-11-10T13:00:28","guid":{"rendered":"https:\/\/www.miravila.com\/product\/bozicna-zvezda-cvet-zamet-d-24cm-scipalka-rosegold\/"},"modified":"2024-11-13T08:52:34","modified_gmt":"2024-11-13T07:52:34","slug":"bozicna-zvezda-cvet-zamet-d-24cm-scipalka-rosegold","status":"publish","type":"product","link":"https:\/\/www.miravila.com\/sl\/izdelek\/bozicna-zvezda-cvet-zamet-d-24cm-scipalka-rosegold\/","title":{"rendered":"Bo\u017ei\u010dna zvezda cvet \u017damet d-24cm \/ \u0161\u010dipalka rosegold"},"content":{"rendered":"","protected":false},"excerpt":{"rendered":"","protected":false},"featured_media":34804,"comment_status":"closed","ping_status":"open","template":"","meta":[],"product_brand":[],"product_cat":[2084,4744],"product_tag":[4763,4755,4777],"class_list":{"0":"post-34803","1":"product","2":"type-product","3":"status-publish","4":"has-post-thumbnail","6":"product_cat-bozic-sl","7":"product_cat-novoletne-roze","8":"product_tag-kolekcija-adventni-punc","9":"product_tag-kolekcija-candy-shop","10":"product_tag-kolekcija-roza","11":"pa_barva-roza","12":"pa_velikost-24-cm","14":"first","15":"instock","16":"taxable","17":"shipping-taxable","18":"purchasable","19":"product-type-simple"},"_links":{"self":[{"href":"https:\/\/www.miravila.com\/sl\/wp-json\/wp\/v2\/product\/34803","targetHints":{"allow":["GET"]}}],"collection":[{"href":"https:\/\/www.miravila.com\/sl\/wp-json\/wp\/v2\/product"}],"about":[{"href":"https:\/\/www.miravila.com\/sl\/wp-json\/wp\/v2\/types\/product"}],"replies":[{"embeddable":true,"href":"https:\/\/www.miravila.com\/sl\/wp-json\/wp\/v2\/comments?post=34803"}],"wp:featuredmedia":[{"embeddable":true,"href":"https:\/\/www.miravila.com\/sl\/wp-json\/wp\/v2\/media\/34804"}],"wp:attachment":[{"href":"https:\/\/www.miravila.com\/sl\/wp-json\/wp\/v2\/media?parent=34803"}],"wp:term":[{"taxonomy":"product_brand","embeddable":true,"href":"https:\/\/www.miravila.com\/sl\/wp-json\/wp\/v2\/product_brand?post=34803"},{"taxonomy":"product_cat","embeddable":true,"href":"https:\/\/www.miravila.com\/sl\/wp-json\/wp\/v2\/product_cat?post=34803"},{"taxonomy":"product_tag","embeddable":true,"href":"https:\/\/www.miravila.com\/sl\/wp-json\/wp\/v2\/product_tag?post=34803"}],"curies":[{"name":"wp","href":"https:\/\/api.w.org\/{rel}","templated":true}]}}