{"id":34599,"date":"2024-11-10T13:58:16","date_gmt":"2024-11-10T12:58:16","guid":{"rendered":"https:\/\/www.miravila.com\/product\/poinsettia-na-sponki-iz-poliestrskega-zameta-z-umetnim-krznom-2kom\/"},"modified":"2024-11-13T08:53:32","modified_gmt":"2024-11-13T07:53:32","slug":"poinsettia-na-sponki-iz-poliestrskega-zameta-z-umetnim-krznom-2kom","status":"publish","type":"product","link":"https:\/\/www.miravila.com\/sl\/izdelek\/poinsettia-na-sponki-iz-poliestrskega-zameta-z-umetnim-krznom-2kom\/","title":{"rendered":"Poinsettia na sponki iz poliestrskega \u017eameta z umetnim krznom 2kom"},"content":{"rendered":"","protected":false},"excerpt":{"rendered":"<p>Poinsettia na sponki iz poliestrskega \u017eameta z umetnim krznom 2kom je popolna dodatna oprema za prazni\u010dno sezono. Ta komplet vklju\u010duje dve sponki, ki sta oblikovani v obliki poinsettia cveta. Sponke so narejene iz visokokakovostnega poliestrskega \u017eameta, ki daje ob\u010dutek mehkobe in elegance. Dodatno so okra\u0161ene z umetnim krznom, ki dodaja pridih luksuza. Sponke so trpe\u017ene in enostavne za uporabo, saj jih enostavno pritrdite na lase. Poinsettia na sponki iz poliestrskega \u017eameta z umetnim krznom 2kom bo zagotovo popestrila va\u0161o pri\u010desko in vam prinesla prazni\u010dno vzdu\u0161je.<\/p>\n","protected":false},"featured_media":34600,"comment_status":"closed","ping_status":"open","template":"","meta":[],"product_brand":[],"product_cat":[2084,4744],"product_tag":[],"class_list":{"0":"post-34599","1":"product","2":"type-product","3":"status-publish","4":"has-post-thumbnail","6":"product_cat-bozic-sl","7":"product_cat-novoletne-roze","8":"pa_barva-bela","9":"pa_velikost-4476","11":"first","12":"outofstock","13":"taxable","14":"shipping-taxable","15":"purchasable","16":"product-type-simple"},"_links":{"self":[{"href":"https:\/\/www.miravila.com\/sl\/wp-json\/wp\/v2\/product\/34599","targetHints":{"allow":["GET"]}}],"collection":[{"href":"https:\/\/www.miravila.com\/sl\/wp-json\/wp\/v2\/product"}],"about":[{"href":"https:\/\/www.miravila.com\/sl\/wp-json\/wp\/v2\/types\/product"}],"replies":[{"embeddable":true,"href":"https:\/\/www.miravila.com\/sl\/wp-json\/wp\/v2\/comments?post=34599"}],"wp:featuredmedia":[{"embeddable":true,"href":"https:\/\/www.miravila.com\/sl\/wp-json\/wp\/v2\/media\/34600"}],"wp:attachment":[{"href":"https:\/\/www.miravila.com\/sl\/wp-json\/wp\/v2\/media?parent=34599"}],"wp:term":[{"taxonomy":"product_brand","embeddable":true,"href":"https:\/\/www.miravila.com\/sl\/wp-json\/wp\/v2\/product_brand?post=34599"},{"taxonomy":"product_cat","embeddable":true,"href":"https:\/\/www.miravila.com\/sl\/wp-json\/wp\/v2\/product_cat?post=34599"},{"taxonomy":"product_tag","embeddable":true,"href":"https:\/\/www.miravila.com\/sl\/wp-json\/wp\/v2\/product_tag?post=34599"}],"curies":[{"name":"wp","href":"https:\/\/api.w.org\/{rel}","templated":true}]}}