{"id":33513,"date":"2024-11-09T16:42:27","date_gmt":"2024-11-09T15:42:27","guid":{"rendered":"https:\/\/www.miravila.com\/product\/sveca-vaza-xie-d-15h-75-diseca-vanilija\/"},"modified":"2024-11-13T08:54:05","modified_gmt":"2024-11-13T07:54:05","slug":"sveca-vaza-xie-d-15h-75-diseca-vanilija","status":"publish","type":"product","link":"https:\/\/www.miravila.com\/sl\/izdelek\/sveca-vaza-xie-d-15h-75-diseca-vanilija\/","title":{"rendered":"Sve\u010da-Vaza Xie D-15,H-7,5 Di\u0161e\u010da Vanilija"},"content":{"rendered":"","protected":false},"excerpt":{"rendered":"","protected":false},"featured_media":31864,"comment_status":"closed","ping_status":"open","template":"","meta":[],"product_brand":[],"product_cat":[2081,4070],"product_tag":[],"class_list":{"0":"post-33513","1":"product","2":"type-product","3":"status-publish","4":"has-post-thumbnail","6":"product_cat-okrasni-lonci","7":"product_cat-svece","8":"pa_barva-bez-sl","9":"pa_premer-4428","10":"pa_velikost-4456","11":"pa_visina-15-sl","13":"first","14":"outofstock","15":"sale","16":"taxable","17":"shipping-taxable","18":"purchasable","19":"product-type-simple"},"_links":{"self":[{"href":"https:\/\/www.miravila.com\/sl\/wp-json\/wp\/v2\/product\/33513","targetHints":{"allow":["GET"]}}],"collection":[{"href":"https:\/\/www.miravila.com\/sl\/wp-json\/wp\/v2\/product"}],"about":[{"href":"https:\/\/www.miravila.com\/sl\/wp-json\/wp\/v2\/types\/product"}],"replies":[{"embeddable":true,"href":"https:\/\/www.miravila.com\/sl\/wp-json\/wp\/v2\/comments?post=33513"}],"wp:featuredmedia":[{"embeddable":true,"href":"https:\/\/www.miravila.com\/sl\/wp-json\/wp\/v2\/media\/31864"}],"wp:attachment":[{"href":"https:\/\/www.miravila.com\/sl\/wp-json\/wp\/v2\/media?parent=33513"}],"wp:term":[{"taxonomy":"product_brand","embeddable":true,"href":"https:\/\/www.miravila.com\/sl\/wp-json\/wp\/v2\/product_brand?post=33513"},{"taxonomy":"product_cat","embeddable":true,"href":"https:\/\/www.miravila.com\/sl\/wp-json\/wp\/v2\/product_cat?post=33513"},{"taxonomy":"product_tag","embeddable":true,"href":"https:\/\/www.miravila.com\/sl\/wp-json\/wp\/v2\/product_tag?post=33513"}],"curies":[{"name":"wp","href":"https:\/\/api.w.org\/{rel}","templated":true}]}}