{"id":33507,"date":"2024-11-09T16:42:27","date_gmt":"2024-11-09T15:42:27","guid":{"rendered":"https:\/\/www.miravila.com\/product\/sveca-vaza-xie-d-15h-75-diseca-borovnica\/"},"modified":"2024-11-13T08:54:01","modified_gmt":"2024-11-13T07:54:01","slug":"sveca-vaza-xie-d-15h-75-diseca-borovnica","status":"publish","type":"product","link":"https:\/\/www.miravila.com\/sl\/izdelek\/sveca-vaza-xie-d-15h-75-diseca-borovnica\/","title":{"rendered":"Sve\u010da-Vaza Xie D-15,H-7,5 Di\u0161e\u010da Borovnica"},"content":{"rendered":"","protected":false},"excerpt":{"rendered":"","protected":false},"featured_media":31849,"comment_status":"closed","ping_status":"open","template":"","meta":[],"product_brand":[],"product_cat":[2081,4070],"product_tag":[],"class_list":{"0":"post-33507","1":"product","2":"type-product","3":"status-publish","4":"has-post-thumbnail","6":"product_cat-okrasni-lonci","7":"product_cat-svece","8":"pa_barva-vijolicna","9":"pa_premer-4428","10":"pa_velikost-4456","11":"pa_visina-15-sl","13":"first","14":"outofstock","15":"sale","16":"taxable","17":"shipping-taxable","18":"purchasable","19":"product-type-simple"},"_links":{"self":[{"href":"https:\/\/www.miravila.com\/sl\/wp-json\/wp\/v2\/product\/33507","targetHints":{"allow":["GET"]}}],"collection":[{"href":"https:\/\/www.miravila.com\/sl\/wp-json\/wp\/v2\/product"}],"about":[{"href":"https:\/\/www.miravila.com\/sl\/wp-json\/wp\/v2\/types\/product"}],"replies":[{"embeddable":true,"href":"https:\/\/www.miravila.com\/sl\/wp-json\/wp\/v2\/comments?post=33507"}],"wp:featuredmedia":[{"embeddable":true,"href":"https:\/\/www.miravila.com\/sl\/wp-json\/wp\/v2\/media\/31849"}],"wp:attachment":[{"href":"https:\/\/www.miravila.com\/sl\/wp-json\/wp\/v2\/media?parent=33507"}],"wp:term":[{"taxonomy":"product_brand","embeddable":true,"href":"https:\/\/www.miravila.com\/sl\/wp-json\/wp\/v2\/product_brand?post=33507"},{"taxonomy":"product_cat","embeddable":true,"href":"https:\/\/www.miravila.com\/sl\/wp-json\/wp\/v2\/product_cat?post=33507"},{"taxonomy":"product_tag","embeddable":true,"href":"https:\/\/www.miravila.com\/sl\/wp-json\/wp\/v2\/product_tag?post=33507"}],"curies":[{"name":"wp","href":"https:\/\/api.w.org\/{rel}","templated":true}]}}