{"id":33481,"date":"2024-11-09T16:42:12","date_gmt":"2024-11-09T15:42:12","guid":{"rendered":"https:\/\/www.miravila.com\/product\/sveca-stelo-300x22-set-2-skatla-bordo-rdeca\/"},"modified":"2024-11-13T08:54:07","modified_gmt":"2024-11-13T07:54:07","slug":"sveca-stelo-300x22-set-2-skatla-bordo-rdeca","status":"publish","type":"product","link":"https:\/\/www.miravila.com\/sl\/izdelek\/sveca-stelo-300x22-set-2-skatla-bordo-rdeca\/","title":{"rendered":"Sve\u010da Stelo 300X22 Set 2-\u0160katla Bordo Rde\u010da"},"content":{"rendered":"","protected":false},"excerpt":{"rendered":"","protected":false},"featured_media":32064,"comment_status":"closed","ping_status":"open","template":"","meta":[],"product_brand":[],"product_cat":[2081,4070],"product_tag":[],"class_list":{"0":"post-33481","1":"product","2":"type-product","3":"status-publish","4":"has-post-thumbnail","6":"product_cat-okrasni-lonci","7":"product_cat-svece","8":"pa_barva-bordo-rdeca","9":"pa_premer-4431","10":"pa_velikost-4476","11":"pa_visina-30-sl","13":"first","14":"outofstock","15":"sale","16":"taxable","17":"shipping-taxable","18":"purchasable","19":"product-type-simple"},"_links":{"self":[{"href":"https:\/\/www.miravila.com\/sl\/wp-json\/wp\/v2\/product\/33481","targetHints":{"allow":["GET"]}}],"collection":[{"href":"https:\/\/www.miravila.com\/sl\/wp-json\/wp\/v2\/product"}],"about":[{"href":"https:\/\/www.miravila.com\/sl\/wp-json\/wp\/v2\/types\/product"}],"replies":[{"embeddable":true,"href":"https:\/\/www.miravila.com\/sl\/wp-json\/wp\/v2\/comments?post=33481"}],"wp:featuredmedia":[{"embeddable":true,"href":"https:\/\/www.miravila.com\/sl\/wp-json\/wp\/v2\/media\/32064"}],"wp:attachment":[{"href":"https:\/\/www.miravila.com\/sl\/wp-json\/wp\/v2\/media?parent=33481"}],"wp:term":[{"taxonomy":"product_brand","embeddable":true,"href":"https:\/\/www.miravila.com\/sl\/wp-json\/wp\/v2\/product_brand?post=33481"},{"taxonomy":"product_cat","embeddable":true,"href":"https:\/\/www.miravila.com\/sl\/wp-json\/wp\/v2\/product_cat?post=33481"},{"taxonomy":"product_tag","embeddable":true,"href":"https:\/\/www.miravila.com\/sl\/wp-json\/wp\/v2\/product_tag?post=33481"}],"curies":[{"name":"wp","href":"https:\/\/api.w.org\/{rel}","templated":true}]}}