{"id":30793,"date":"2024-10-12T09:16:08","date_gmt":"2024-10-12T07:16:08","guid":{"rendered":"https:\/\/www.miravila.com\/product\/lucke-microled-x-480-m-24-8-efekt\/"},"modified":"2024-10-12T10:16:26","modified_gmt":"2024-10-12T08:16:26","slug":"novoletne-lucke-micro-led-x480-24m-8-efektov","status":"publish","type":"product","link":"https:\/\/www.miravila.com\/sl\/novoletne-lucke-micro-led-x480-24m-8-efektov\/","title":{"rendered":"Novoletne lu\u010dke micro LED (x480, 24m, 8 efektov)"},"content":{"rendered":"","protected":false},"excerpt":{"rendered":"<p>Bo\u017ei\u010dne Micro led lu\u010dke z osmimi efekti utripanja. V nizu je 480 lu\u010dk na 24 metrov kabla. Lahko nastavite, da utripajo ali samo gorijo. Topla bela svetloba. Primerne za notranjo ali zunanjo uporabo.<\/p>\n","protected":false},"featured_media":30794,"comment_status":"closed","ping_status":"closed","template":"","meta":[],"product_brand":[],"product_cat":[2084,4066],"product_tag":[],"class_list":{"0":"post-30793","1":"product","2":"type-product","3":"status-publish","4":"has-post-thumbnail","6":"product_cat-bozic-sl","7":"product_cat-novoletne-lucke","9":"first","10":"outofstock","11":"taxable","12":"shipping-taxable","13":"purchasable","14":"product-type-simple"},"_links":{"self":[{"href":"https:\/\/www.miravila.com\/sl\/wp-json\/wp\/v2\/product\/30793","targetHints":{"allow":["GET"]}}],"collection":[{"href":"https:\/\/www.miravila.com\/sl\/wp-json\/wp\/v2\/product"}],"about":[{"href":"https:\/\/www.miravila.com\/sl\/wp-json\/wp\/v2\/types\/product"}],"replies":[{"embeddable":true,"href":"https:\/\/www.miravila.com\/sl\/wp-json\/wp\/v2\/comments?post=30793"}],"wp:featuredmedia":[{"embeddable":true,"href":"https:\/\/www.miravila.com\/sl\/wp-json\/wp\/v2\/media\/30794"}],"wp:attachment":[{"href":"https:\/\/www.miravila.com\/sl\/wp-json\/wp\/v2\/media?parent=30793"}],"wp:term":[{"taxonomy":"product_brand","embeddable":true,"href":"https:\/\/www.miravila.com\/sl\/wp-json\/wp\/v2\/product_brand?post=30793"},{"taxonomy":"product_cat","embeddable":true,"href":"https:\/\/www.miravila.com\/sl\/wp-json\/wp\/v2\/product_cat?post=30793"},{"taxonomy":"product_tag","embeddable":true,"href":"https:\/\/www.miravila.com\/sl\/wp-json\/wp\/v2\/product_tag?post=30793"}],"curies":[{"name":"wp","href":"https:\/\/api.w.org\/{rel}","templated":true}]}}