{"id":30708,"date":"2024-10-12T09:16:08","date_gmt":"2024-10-12T07:16:08","guid":{"rendered":"https:\/\/www.miravila.com\/product\/vencek-micro-light-x-6000-d-90-cm-8-efekt\/"},"modified":"2024-10-12T10:09:02","modified_gmt":"2024-10-12T08:09:02","slug":"bozicni-vencek-micro-light-x-6000-d-90-cm-8-efektov","status":"publish","type":"product","link":"https:\/\/www.miravila.com\/sl\/bozicni-vencek-micro-light-x-6000-d-90-cm-8-efektov\/","title":{"rendered":"Bo\u017ei\u010dni ven\u010dek micro Light (x 6000, D-90 cm, 8 Efektov)"},"content":{"rendered":"","protected":false},"excerpt":{"rendered":"<p>Novoletni ven\u010dek z micro LED lu\u010dkami. Topla bela svetloba. Premer 90cm. \u0160tevilo lu\u010dk: 6000. 8 razli\u010dnih efektov utripanja. Primeren za zunanjo ali notranjo uporabo.<\/p>\n","protected":false},"featured_media":30709,"comment_status":"closed","ping_status":"closed","template":"","meta":[],"product_brand":[],"product_cat":[2084,4066],"product_tag":[],"class_list":{"0":"post-30708","1":"product","2":"type-product","3":"status-publish","4":"has-post-thumbnail","6":"product_cat-bozic-sl","7":"product_cat-novoletne-lucke","9":"first","10":"outofstock","11":"taxable","12":"shipping-taxable","13":"purchasable","14":"product-type-simple"},"_links":{"self":[{"href":"https:\/\/www.miravila.com\/sl\/wp-json\/wp\/v2\/product\/30708","targetHints":{"allow":["GET"]}}],"collection":[{"href":"https:\/\/www.miravila.com\/sl\/wp-json\/wp\/v2\/product"}],"about":[{"href":"https:\/\/www.miravila.com\/sl\/wp-json\/wp\/v2\/types\/product"}],"replies":[{"embeddable":true,"href":"https:\/\/www.miravila.com\/sl\/wp-json\/wp\/v2\/comments?post=30708"}],"wp:featuredmedia":[{"embeddable":true,"href":"https:\/\/www.miravila.com\/sl\/wp-json\/wp\/v2\/media\/30709"}],"wp:attachment":[{"href":"https:\/\/www.miravila.com\/sl\/wp-json\/wp\/v2\/media?parent=30708"}],"wp:term":[{"taxonomy":"product_brand","embeddable":true,"href":"https:\/\/www.miravila.com\/sl\/wp-json\/wp\/v2\/product_brand?post=30708"},{"taxonomy":"product_cat","embeddable":true,"href":"https:\/\/www.miravila.com\/sl\/wp-json\/wp\/v2\/product_cat?post=30708"},{"taxonomy":"product_tag","embeddable":true,"href":"https:\/\/www.miravila.com\/sl\/wp-json\/wp\/v2\/product_tag?post=30708"}],"curies":[{"name":"wp","href":"https:\/\/api.w.org\/{rel}","templated":true}]}}