{"id":30682,"date":"2024-10-12T09:16:08","date_gmt":"2024-10-12T07:16:08","guid":{"rendered":"https:\/\/www.miravila.com\/product\/smreka-micro-lucke-x-9600-150x81x20-cm\/"},"modified":"2024-10-12T10:07:57","modified_gmt":"2024-10-12T08:07:57","slug":"novoletna-jelka-micro-lucke-x-9600-150x81x20-cm","status":"publish","type":"product","link":"https:\/\/www.miravila.com\/sl\/novoletna-jelka-micro-lucke-x-9600-150x81x20-cm\/","title":{"rendered":"Novoletna jelka micro lu\u010dke (x 9600, 150x81x20 cm)"},"content":{"rendered":"","protected":false},"excerpt":{"rendered":"<p>Novoletna jelka iz micro LED lu\u010dk. Vi\u0161ina 150cm. \u0160tevilo lu\u010dk 9600. Topla bela svetloba. Ogrodje jelke je bakrene barve. Dimenzija smreke 150x81x20cm. 8 efektov utripanja.<\/p>\n","protected":false},"featured_media":30683,"comment_status":"closed","ping_status":"closed","template":"","meta":[],"product_brand":[],"product_cat":[2084,4066],"product_tag":[],"class_list":{"0":"post-30682","1":"product","2":"type-product","3":"status-publish","4":"has-post-thumbnail","6":"product_cat-bozic-sl","7":"product_cat-novoletne-lucke","9":"first","10":"outofstock","11":"taxable","12":"shipping-taxable","13":"purchasable","14":"product-type-simple"},"_links":{"self":[{"href":"https:\/\/www.miravila.com\/sl\/wp-json\/wp\/v2\/product\/30682","targetHints":{"allow":["GET"]}}],"collection":[{"href":"https:\/\/www.miravila.com\/sl\/wp-json\/wp\/v2\/product"}],"about":[{"href":"https:\/\/www.miravila.com\/sl\/wp-json\/wp\/v2\/types\/product"}],"replies":[{"embeddable":true,"href":"https:\/\/www.miravila.com\/sl\/wp-json\/wp\/v2\/comments?post=30682"}],"wp:featuredmedia":[{"embeddable":true,"href":"https:\/\/www.miravila.com\/sl\/wp-json\/wp\/v2\/media\/30683"}],"wp:attachment":[{"href":"https:\/\/www.miravila.com\/sl\/wp-json\/wp\/v2\/media?parent=30682"}],"wp:term":[{"taxonomy":"product_brand","embeddable":true,"href":"https:\/\/www.miravila.com\/sl\/wp-json\/wp\/v2\/product_brand?post=30682"},{"taxonomy":"product_cat","embeddable":true,"href":"https:\/\/www.miravila.com\/sl\/wp-json\/wp\/v2\/product_cat?post=30682"},{"taxonomy":"product_tag","embeddable":true,"href":"https:\/\/www.miravila.com\/sl\/wp-json\/wp\/v2\/product_tag?post=30682"}],"curies":[{"name":"wp","href":"https:\/\/api.w.org\/{rel}","templated":true}]}}