{"id":26596,"date":"2023-10-23T19:17:48","date_gmt":"2023-10-23T17:17:48","guid":{"rendered":"https:\/\/www.miravila.com\/product\/krogla-steklo-srebrna-zlate-zvezdice-d-12-cm\/"},"modified":"2023-10-23T19:17:56","modified_gmt":"2023-10-23T17:17:56","slug":"krogla-steklo-srebrna-zlate-zvezdice-d-12-cm","status":"publish","type":"product","link":"https:\/\/www.miravila.com\/sl\/izdelek\/krogla-steklo-srebrna-zlate-zvezdice-d-12-cm\/","title":{"rendered":"Krogla Steklo Srebrna +Zlate Zvezdice D-12 Cm"},"content":{"rendered":"<p>Novoletni okrasek matirano srebrne barve z vrisanimi zlatimi zvezdami.<\/p>\n<hr>\n<p><\/p>\n<h5>Material:<\/h5>\n<p> steklo<br \/>\n<\/p>\n<h5>Dimenzija:<\/h5>\n<p> 12cm<\/p>\n","protected":false},"excerpt":{"rendered":"<p>Ta \u010dudovita steklena krogla s srebrnim in zlatimi zvezdicami je popoln bo\u017ei\u010dni dodatek za va\u0161e drevo. S premerom 12 cm bo zagotovo pritegnila pozornost in dodala prazni\u010dni sijaj va\u0161emu domu.<\/p>\n","protected":false},"featured_media":24808,"comment_status":"closed","ping_status":"open","template":"","meta":[],"product_brand":[],"product_cat":[2084,3591],"product_tag":[],"class_list":{"0":"post-26596","1":"product","2":"type-product","3":"status-publish","4":"has-post-thumbnail","6":"product_cat-bozic-sl","7":"product_cat-novoletni-okraski","8":"pa_barva-srebrna","9":"pa_barva-zlata","10":"pa_material-steklo","11":"pa_visina-3811","13":"first","14":"instock","15":"taxable","16":"shipping-taxable","17":"purchasable","18":"product-type-simple"},"_links":{"self":[{"href":"https:\/\/www.miravila.com\/sl\/wp-json\/wp\/v2\/product\/26596","targetHints":{"allow":["GET"]}}],"collection":[{"href":"https:\/\/www.miravila.com\/sl\/wp-json\/wp\/v2\/product"}],"about":[{"href":"https:\/\/www.miravila.com\/sl\/wp-json\/wp\/v2\/types\/product"}],"replies":[{"embeddable":true,"href":"https:\/\/www.miravila.com\/sl\/wp-json\/wp\/v2\/comments?post=26596"}],"wp:featuredmedia":[{"embeddable":true,"href":"https:\/\/www.miravila.com\/sl\/wp-json\/wp\/v2\/media\/24808"}],"wp:attachment":[{"href":"https:\/\/www.miravila.com\/sl\/wp-json\/wp\/v2\/media?parent=26596"}],"wp:term":[{"taxonomy":"product_brand","embeddable":true,"href":"https:\/\/www.miravila.com\/sl\/wp-json\/wp\/v2\/product_brand?post=26596"},{"taxonomy":"product_cat","embeddable":true,"href":"https:\/\/www.miravila.com\/sl\/wp-json\/wp\/v2\/product_cat?post=26596"},{"taxonomy":"product_tag","embeddable":true,"href":"https:\/\/www.miravila.com\/sl\/wp-json\/wp\/v2\/product_tag?post=26596"}],"curies":[{"name":"wp","href":"https:\/\/api.w.org\/{rel}","templated":true}]}}