{"id":26592,"date":"2023-10-23T19:17:48","date_gmt":"2023-10-23T17:17:48","guid":{"rendered":"https:\/\/www.miravila.com\/product\/krogla-steklo-jupiter-d-10cm-rdeca\/"},"modified":"2023-10-23T19:17:54","modified_gmt":"2023-10-23T17:17:54","slug":"krogla-steklo-jupiter-d-10cm-rdeca","status":"publish","type":"product","link":"https:\/\/www.miravila.com\/sl\/izdelek\/krogla-steklo-jupiter-d-10cm-rdeca\/","title":{"rendered":"Krogla Steklo Jupiter D-10Cm Rde\u010da"},"content":{"rendered":"<p>Novoletni okrasek bogate rde\u010de barve z ble\u0161\u010de\u010dimi elementi.<\/p>\n<hr>\n<p><\/p>\n<h5>Material:<\/h5>\n<p> steklo<br \/>\n<\/p>\n<h5>Dimenzija:<\/h5>\n<p> 10cm<\/p>\n","protected":false},"excerpt":{"rendered":"<p>Ta \u010dudovita rde\u010da steklena krogla s premerom 10 cm je popolna dekoracija za bo\u017ei\u010dno drevo. S svojo sijo\u010do povr\u0161ino bo zagotovo pritegnila pozornost vseh gostov. Dodajte pridih elegance in prazni\u010dnega vzdu\u0161ja v svoj dom s to \u010dudovito bo\u017ei\u010dno kroglo.<\/p>\n","protected":false},"featured_media":24536,"comment_status":"closed","ping_status":"open","template":"","meta":[],"product_brand":[],"product_cat":[2084,3591],"product_tag":[],"class_list":{"0":"post-26592","1":"product","2":"type-product","3":"status-publish","4":"has-post-thumbnail","6":"product_cat-bozic-sl","7":"product_cat-novoletni-okraski","8":"pa_barva-rdeca","9":"pa_material-steklo","10":"pa_visina-3809","12":"first","13":"instock","14":"taxable","15":"shipping-taxable","16":"purchasable","17":"product-type-simple"},"_links":{"self":[{"href":"https:\/\/www.miravila.com\/sl\/wp-json\/wp\/v2\/product\/26592","targetHints":{"allow":["GET"]}}],"collection":[{"href":"https:\/\/www.miravila.com\/sl\/wp-json\/wp\/v2\/product"}],"about":[{"href":"https:\/\/www.miravila.com\/sl\/wp-json\/wp\/v2\/types\/product"}],"replies":[{"embeddable":true,"href":"https:\/\/www.miravila.com\/sl\/wp-json\/wp\/v2\/comments?post=26592"}],"wp:featuredmedia":[{"embeddable":true,"href":"https:\/\/www.miravila.com\/sl\/wp-json\/wp\/v2\/media\/24536"}],"wp:attachment":[{"href":"https:\/\/www.miravila.com\/sl\/wp-json\/wp\/v2\/media?parent=26592"}],"wp:term":[{"taxonomy":"product_brand","embeddable":true,"href":"https:\/\/www.miravila.com\/sl\/wp-json\/wp\/v2\/product_brand?post=26592"},{"taxonomy":"product_cat","embeddable":true,"href":"https:\/\/www.miravila.com\/sl\/wp-json\/wp\/v2\/product_cat?post=26592"},{"taxonomy":"product_tag","embeddable":true,"href":"https:\/\/www.miravila.com\/sl\/wp-json\/wp\/v2\/product_tag?post=26592"}],"curies":[{"name":"wp","href":"https:\/\/api.w.org\/{rel}","templated":true}]}}