{"id":26576,"date":"2023-10-23T19:17:38","date_gmt":"2023-10-23T17:17:38","guid":{"rendered":"https:\/\/www.miravila.com\/product\/pticek-perje-belo-scipalka-set-3\/"},"modified":"2023-10-23T19:17:46","modified_gmt":"2023-10-23T17:17:46","slug":"pticek-perje-belo-scipalka-set-3","status":"publish","type":"product","link":"https:\/\/www.miravila.com\/sl\/izdelek\/pticek-perje-belo-scipalka-set-3\/","title":{"rendered":"Pti\u010dek Perje Belo\/\u0160\u010dipalka Set 3"},"content":{"rendered":"<p>Novoletni okrasek<\/p>\n<hr>\n<p><\/p>\n<h5>Material:<\/h5>\n<p> perje, steklo<br \/>\n<\/p>\n<h5>Dimenzija:<\/h5>\n<p> cm<\/p>\n","protected":false},"excerpt":{"rendered":"<p>Pti\u010dek Perje Belo\/\u0160\u010dipalka Set 3 je \u010dudovit bo\u017ei\u010dni izdelek, ki vklju\u010duje tri \u0161\u010dipalke v obliki pti\u010dkov z belim perjem. Ta set je popoln dodatek za okrasitev bo\u017ei\u010dnega drevesa ali pa za pritrditev bo\u017ei\u010dnih vo\u0161\u010dilnic na darila. Izdelane iz visokokakovostnih materialov, te \u0161\u010dipalke bodo zagotovo pritegnile pozornost in dodale prazni\u010dni \u010dar va\u0161emu domu.<\/p>\n","protected":false},"featured_media":25358,"comment_status":"closed","ping_status":"open","template":"","meta":[],"product_brand":[],"product_cat":[2084,3591],"product_tag":[],"class_list":{"0":"post-26576","1":"product","2":"type-product","3":"status-publish","4":"has-post-thumbnail","6":"product_cat-bozic-sl","7":"product_cat-novoletni-okraski","8":"pa_material-perje","9":"pa_material-steklo","11":"first","12":"instock","13":"taxable","14":"shipping-taxable","15":"purchasable","16":"product-type-simple"},"_links":{"self":[{"href":"https:\/\/www.miravila.com\/sl\/wp-json\/wp\/v2\/product\/26576","targetHints":{"allow":["GET"]}}],"collection":[{"href":"https:\/\/www.miravila.com\/sl\/wp-json\/wp\/v2\/product"}],"about":[{"href":"https:\/\/www.miravila.com\/sl\/wp-json\/wp\/v2\/types\/product"}],"replies":[{"embeddable":true,"href":"https:\/\/www.miravila.com\/sl\/wp-json\/wp\/v2\/comments?post=26576"}],"wp:featuredmedia":[{"embeddable":true,"href":"https:\/\/www.miravila.com\/sl\/wp-json\/wp\/v2\/media\/25358"}],"wp:attachment":[{"href":"https:\/\/www.miravila.com\/sl\/wp-json\/wp\/v2\/media?parent=26576"}],"wp:term":[{"taxonomy":"product_brand","embeddable":true,"href":"https:\/\/www.miravila.com\/sl\/wp-json\/wp\/v2\/product_brand?post=26576"},{"taxonomy":"product_cat","embeddable":true,"href":"https:\/\/www.miravila.com\/sl\/wp-json\/wp\/v2\/product_cat?post=26576"},{"taxonomy":"product_tag","embeddable":true,"href":"https:\/\/www.miravila.com\/sl\/wp-json\/wp\/v2\/product_tag?post=26576"}],"curies":[{"name":"wp","href":"https:\/\/api.w.org\/{rel}","templated":true}]}}