{"id":26567,"date":"2023-10-23T19:17:38","date_gmt":"2023-10-23T17:17:38","guid":{"rendered":"https:\/\/www.miravila.com\/product\/krogla-trottola-zamet-bordo10-cm\/"},"modified":"2023-10-23T19:17:42","modified_gmt":"2023-10-23T17:17:42","slug":"krogla-trottola-zamet-bordo10-cm","status":"publish","type":"product","link":"https:\/\/www.miravila.com\/sl\/izdelek\/krogla-trottola-zamet-bordo10-cm\/","title":{"rendered":"Krogla Trottola \u017damet Bordo10 Cm"},"content":{"rendered":"<p>Novoletni okrasek v rde\u010di barvi z \u017eametnim vzorcem orientalskega videza.<\/p>\n<hr>\n<p><\/p>\n<h5>Material:<\/h5>\n<p> steklo<br \/>\n<\/p>\n<h5>Dimenzija:<\/h5>\n<p> 10cm<\/p>\n","protected":false},"excerpt":{"rendered":"<p>Krogla Trottola \u017damet Bordo je \u010dudovit bo\u017ei\u010dni okras, ki bo dodal prazni\u010dni sijaj va\u0161emu domu. S svojo bogato bordo barvo in mehkim \u017eametnim materialom bo zagotovo pritegnila poglede. S premerom 10 cm je popolna za okra\u0161evanje bo\u017ei\u010dne jelke ali pa jo lahko postavite na mizo kot eleganten dekorativni dodatek. Prazni\u010dno vzdu\u0161je bo tako \u0161e bolj \u010darobno s to \u010dudovito kroglo Trottola \u017damet Bordo.<\/p>\n","protected":false},"featured_media":24458,"comment_status":"closed","ping_status":"open","template":"","meta":[],"product_brand":[],"product_cat":[2084,3591],"product_tag":[],"class_list":{"0":"post-26567","1":"product","2":"type-product","3":"status-publish","4":"has-post-thumbnail","6":"product_cat-bozic-sl","7":"product_cat-novoletni-okraski","8":"pa_barva-bordo","9":"pa_material-steklo","10":"pa_visina-3809","12":"first","13":"outofstock","14":"taxable","15":"shipping-taxable","16":"purchasable","17":"product-type-simple"},"_links":{"self":[{"href":"https:\/\/www.miravila.com\/sl\/wp-json\/wp\/v2\/product\/26567","targetHints":{"allow":["GET"]}}],"collection":[{"href":"https:\/\/www.miravila.com\/sl\/wp-json\/wp\/v2\/product"}],"about":[{"href":"https:\/\/www.miravila.com\/sl\/wp-json\/wp\/v2\/types\/product"}],"replies":[{"embeddable":true,"href":"https:\/\/www.miravila.com\/sl\/wp-json\/wp\/v2\/comments?post=26567"}],"wp:featuredmedia":[{"embeddable":true,"href":"https:\/\/www.miravila.com\/sl\/wp-json\/wp\/v2\/media\/24458"}],"wp:attachment":[{"href":"https:\/\/www.miravila.com\/sl\/wp-json\/wp\/v2\/media?parent=26567"}],"wp:term":[{"taxonomy":"product_brand","embeddable":true,"href":"https:\/\/www.miravila.com\/sl\/wp-json\/wp\/v2\/product_brand?post=26567"},{"taxonomy":"product_cat","embeddable":true,"href":"https:\/\/www.miravila.com\/sl\/wp-json\/wp\/v2\/product_cat?post=26567"},{"taxonomy":"product_tag","embeddable":true,"href":"https:\/\/www.miravila.com\/sl\/wp-json\/wp\/v2\/product_tag?post=26567"}],"curies":[{"name":"wp","href":"https:\/\/api.w.org\/{rel}","templated":true}]}}