{"id":26566,"date":"2023-10-23T19:17:38","date_gmt":"2023-10-23T17:17:38","guid":{"rendered":"https:\/\/www.miravila.com\/product\/krogla-steklo-bordo-zamet-d-10-cm-rebrasto\/"},"modified":"2023-10-23T19:17:42","modified_gmt":"2023-10-23T17:17:42","slug":"krogla-steklo-bordo-zamet-d-10-cm-rebrasto","status":"publish","type":"product","link":"https:\/\/www.miravila.com\/sl\/izdelek\/krogla-steklo-bordo-zamet-d-10-cm-rebrasto\/","title":{"rendered":"Krogla Steklo Bordo \u017damet D-10 Cm Rebrasto"},"content":{"rendered":"<p>Novoletni okrasek v rde\u010di barvi z \u017eametnim vzorcem.<\/p>\n<hr>\n<p><\/p>\n<h5>Material:<\/h5>\n<p> steklo<br \/>\n<\/p>\n<h5>Dimenzija:<\/h5>\n<p> 10cm<\/p>\n","protected":false},"excerpt":{"rendered":"<p>Ta bo\u017ei\u010dna krogla je izdelana iz stekla s \u010dudovitim bordo \u017eametnim zaklju\u010dkom. S premerom 10 cm in rebrastim vzorcem bo ta krogla zagotovo pritegnila pozornost na va\u0161em bo\u017ei\u010dnem drevesu. Popolna izbira za ustvarjanje prazni\u010dnega vzdu\u0161ja v va\u0161em domu.<\/p>\n","protected":false},"featured_media":24464,"comment_status":"closed","ping_status":"open","template":"","meta":[],"product_brand":[],"product_cat":[2084,3591],"product_tag":[],"class_list":{"0":"post-26566","1":"product","2":"type-product","3":"status-publish","4":"has-post-thumbnail","6":"product_cat-bozic-sl","7":"product_cat-novoletni-okraski","8":"pa_barva-bordo","9":"pa_material-steklo","10":"pa_visina-3809","12":"first","13":"instock","14":"taxable","15":"shipping-taxable","16":"purchasable","17":"product-type-simple"},"_links":{"self":[{"href":"https:\/\/www.miravila.com\/sl\/wp-json\/wp\/v2\/product\/26566","targetHints":{"allow":["GET"]}}],"collection":[{"href":"https:\/\/www.miravila.com\/sl\/wp-json\/wp\/v2\/product"}],"about":[{"href":"https:\/\/www.miravila.com\/sl\/wp-json\/wp\/v2\/types\/product"}],"replies":[{"embeddable":true,"href":"https:\/\/www.miravila.com\/sl\/wp-json\/wp\/v2\/comments?post=26566"}],"wp:featuredmedia":[{"embeddable":true,"href":"https:\/\/www.miravila.com\/sl\/wp-json\/wp\/v2\/media\/24464"}],"wp:attachment":[{"href":"https:\/\/www.miravila.com\/sl\/wp-json\/wp\/v2\/media?parent=26566"}],"wp:term":[{"taxonomy":"product_brand","embeddable":true,"href":"https:\/\/www.miravila.com\/sl\/wp-json\/wp\/v2\/product_brand?post=26566"},{"taxonomy":"product_cat","embeddable":true,"href":"https:\/\/www.miravila.com\/sl\/wp-json\/wp\/v2\/product_cat?post=26566"},{"taxonomy":"product_tag","embeddable":true,"href":"https:\/\/www.miravila.com\/sl\/wp-json\/wp\/v2\/product_tag?post=26566"}],"curies":[{"name":"wp","href":"https:\/\/api.w.org\/{rel}","templated":true}]}}