{"id":26529,"date":"2023-10-23T19:17:20","date_gmt":"2023-10-23T17:17:20","guid":{"rendered":"https:\/\/www.miravila.com\/product\/obesek-steklo-kapnik-leden-h-20-cm-x-1\/"},"modified":"2023-10-23T19:17:25","modified_gmt":"2023-10-23T17:17:25","slug":"obesek-steklo-kapnik-leden-h-20-cm-x-1","status":"publish","type":"product","link":"https:\/\/www.miravila.com\/sl\/izdelek\/obesek-steklo-kapnik-leden-h-20-cm-x-1\/","title":{"rendered":"Obesek Steklo Kapnik Leden H-20 Cm X 1"},"content":{"rendered":"<p>Novoletni okrasek v obliki poledenelega kapnika z ble\u0161\u010de\u010dim posipom.<\/p>\n<hr>\n<p><\/p>\n<h5>Material:<\/h5>\n<p> steklo<br \/>\n<\/p>\n<h5>Dimenzija:<\/h5>\n<p> 20cm<\/p>\n","protected":false},"excerpt":{"rendered":"<p>Ta \u010dudovit obesek iz stekla je oblikovan kot kapnik ledu in bo dodal prazni\u010dni sijaj va\u0161emu bo\u017ei\u010dnemu drevesu. Meri 20 cm in je popolna izbira za okrasitev va\u0161ega doma v \u010dasu bo\u017ei\u010dnih praznikov.<\/p>\n","protected":false},"featured_media":24995,"comment_status":"closed","ping_status":"open","template":"","meta":[],"product_brand":[],"product_cat":[2084,3591],"product_tag":[],"class_list":{"0":"post-26529","1":"product","2":"type-product","3":"status-publish","4":"has-post-thumbnail","6":"product_cat-bozic-sl","7":"product_cat-novoletni-okraski","8":"pa_material-steklo","9":"pa_visina-20-sl","11":"first","12":"outofstock","13":"taxable","14":"shipping-taxable","15":"purchasable","16":"product-type-simple"},"_links":{"self":[{"href":"https:\/\/www.miravila.com\/sl\/wp-json\/wp\/v2\/product\/26529","targetHints":{"allow":["GET"]}}],"collection":[{"href":"https:\/\/www.miravila.com\/sl\/wp-json\/wp\/v2\/product"}],"about":[{"href":"https:\/\/www.miravila.com\/sl\/wp-json\/wp\/v2\/types\/product"}],"replies":[{"embeddable":true,"href":"https:\/\/www.miravila.com\/sl\/wp-json\/wp\/v2\/comments?post=26529"}],"wp:featuredmedia":[{"embeddable":true,"href":"https:\/\/www.miravila.com\/sl\/wp-json\/wp\/v2\/media\/24995"}],"wp:attachment":[{"href":"https:\/\/www.miravila.com\/sl\/wp-json\/wp\/v2\/media?parent=26529"}],"wp:term":[{"taxonomy":"product_brand","embeddable":true,"href":"https:\/\/www.miravila.com\/sl\/wp-json\/wp\/v2\/product_brand?post=26529"},{"taxonomy":"product_cat","embeddable":true,"href":"https:\/\/www.miravila.com\/sl\/wp-json\/wp\/v2\/product_cat?post=26529"},{"taxonomy":"product_tag","embeddable":true,"href":"https:\/\/www.miravila.com\/sl\/wp-json\/wp\/v2\/product_tag?post=26529"}],"curies":[{"name":"wp","href":"https:\/\/api.w.org\/{rel}","templated":true}]}}