{"id":26523,"date":"2023-10-23T19:17:20","date_gmt":"2023-10-23T17:17:20","guid":{"rendered":"https:\/\/www.miravila.com\/product\/krogla-steklo-crte-posip-d-8-cm-rdeca-x-1\/"},"modified":"2023-10-23T19:17:22","modified_gmt":"2023-10-23T17:17:22","slug":"krogla-steklo-crte-posip-d-8-cm-rdeca-x-1","status":"publish","type":"product","link":"https:\/\/www.miravila.com\/sl\/izdelek\/krogla-steklo-crte-posip-d-8-cm-rdeca-x-1\/","title":{"rendered":"Krogla Steklo \u010crte Posip D-8 Cm Rde\u010da X 1"},"content":{"rendered":"<p>Novoletni okrasek rde\u010de barve z ble\u0161\u010de\u010dimi ornamenti.<\/p>\n<hr>\n<p><\/p>\n<h5>Material:<\/h5>\n<p> steklo<br \/>\n<\/p>\n<h5>Dimenzija:<\/h5>\n<p> 8cm<\/p>\n","protected":false},"excerpt":{"rendered":"<p>Ta \u010dudovita rde\u010da steklena krogla s \u010drtami in posipom je popoln dodatek za va\u0161o bo\u017ei\u010dno drevo. S premerom 8 cm bo zagotovo pritegnila pozornost in dodala prazni\u010dni sijaj va\u0161emu domu.<\/p>\n","protected":false},"featured_media":25115,"comment_status":"closed","ping_status":"open","template":"","meta":[],"product_brand":[],"product_cat":[2084,3591],"product_tag":[],"class_list":{"0":"post-26523","1":"product","2":"type-product","3":"status-publish","4":"has-post-thumbnail","6":"product_cat-bozic-sl","7":"product_cat-novoletni-okraski","8":"pa_barva-rdeca","9":"pa_material-steklo","10":"pa_visina-3816","12":"first","13":"outofstock","14":"taxable","15":"shipping-taxable","16":"purchasable","17":"product-type-simple"},"_links":{"self":[{"href":"https:\/\/www.miravila.com\/sl\/wp-json\/wp\/v2\/product\/26523","targetHints":{"allow":["GET"]}}],"collection":[{"href":"https:\/\/www.miravila.com\/sl\/wp-json\/wp\/v2\/product"}],"about":[{"href":"https:\/\/www.miravila.com\/sl\/wp-json\/wp\/v2\/types\/product"}],"replies":[{"embeddable":true,"href":"https:\/\/www.miravila.com\/sl\/wp-json\/wp\/v2\/comments?post=26523"}],"wp:featuredmedia":[{"embeddable":true,"href":"https:\/\/www.miravila.com\/sl\/wp-json\/wp\/v2\/media\/25115"}],"wp:attachment":[{"href":"https:\/\/www.miravila.com\/sl\/wp-json\/wp\/v2\/media?parent=26523"}],"wp:term":[{"taxonomy":"product_brand","embeddable":true,"href":"https:\/\/www.miravila.com\/sl\/wp-json\/wp\/v2\/product_brand?post=26523"},{"taxonomy":"product_cat","embeddable":true,"href":"https:\/\/www.miravila.com\/sl\/wp-json\/wp\/v2\/product_cat?post=26523"},{"taxonomy":"product_tag","embeddable":true,"href":"https:\/\/www.miravila.com\/sl\/wp-json\/wp\/v2\/product_tag?post=26523"}],"curies":[{"name":"wp","href":"https:\/\/api.w.org\/{rel}","templated":true}]}}