{"id":26521,"date":"2023-10-23T19:17:20","date_gmt":"2023-10-23T17:17:20","guid":{"rendered":"https:\/\/www.miravila.com\/product\/krogla-solza-steklo-h-11d-10-cm-rdeca\/"},"modified":"2023-10-23T19:17:22","modified_gmt":"2023-10-23T17:17:22","slug":"krogla-solza-steklo-h-11d-10-cm-rdeca","status":"publish","type":"product","link":"https:\/\/www.miravila.com\/sl\/izdelek\/krogla-solza-steklo-h-11d-10-cm-rdeca\/","title":{"rendered":"Krogla Solza Steklo H-11,D-10 Cm Rde\u010da"},"content":{"rendered":"<p>Novoletni okrasek kapljaste oblike v rde\u010di barvi orientalskega videza.<\/p>\n<hr>\n<p><\/p>\n<h5>Material:<\/h5>\n<p> steklo<br \/>\n<\/p>\n<h5>Dimenzija:<\/h5>\n<p> 11cm<\/p>\n","protected":false},"excerpt":{"rendered":"<p>Ta bo\u017ei\u010dna krogla solza iz stekla je premera 11 cm in ima \u010dudovito rde\u010do barvo. Popoln dodatek za okrasitev va\u0161ega bo\u017ei\u010dnega drevesa!<\/p>\n","protected":false},"featured_media":24754,"comment_status":"closed","ping_status":"open","template":"","meta":[],"product_brand":[],"product_cat":[2084,3591],"product_tag":[],"class_list":{"0":"post-26521","1":"product","2":"type-product","3":"status-publish","4":"has-post-thumbnail","6":"product_cat-bozic-sl","7":"product_cat-novoletni-okraski","8":"pa_barva-rdeca","9":"pa_material-steklo","10":"pa_visina-3810","12":"first","13":"outofstock","14":"taxable","15":"shipping-taxable","16":"purchasable","17":"product-type-simple"},"_links":{"self":[{"href":"https:\/\/www.miravila.com\/sl\/wp-json\/wp\/v2\/product\/26521","targetHints":{"allow":["GET"]}}],"collection":[{"href":"https:\/\/www.miravila.com\/sl\/wp-json\/wp\/v2\/product"}],"about":[{"href":"https:\/\/www.miravila.com\/sl\/wp-json\/wp\/v2\/types\/product"}],"replies":[{"embeddable":true,"href":"https:\/\/www.miravila.com\/sl\/wp-json\/wp\/v2\/comments?post=26521"}],"wp:featuredmedia":[{"embeddable":true,"href":"https:\/\/www.miravila.com\/sl\/wp-json\/wp\/v2\/media\/24754"}],"wp:attachment":[{"href":"https:\/\/www.miravila.com\/sl\/wp-json\/wp\/v2\/media?parent=26521"}],"wp:term":[{"taxonomy":"product_brand","embeddable":true,"href":"https:\/\/www.miravila.com\/sl\/wp-json\/wp\/v2\/product_brand?post=26521"},{"taxonomy":"product_cat","embeddable":true,"href":"https:\/\/www.miravila.com\/sl\/wp-json\/wp\/v2\/product_cat?post=26521"},{"taxonomy":"product_tag","embeddable":true,"href":"https:\/\/www.miravila.com\/sl\/wp-json\/wp\/v2\/product_tag?post=26521"}],"curies":[{"name":"wp","href":"https:\/\/api.w.org\/{rel}","templated":true}]}}