{"id":26506,"date":"2023-10-23T19:17:10","date_gmt":"2023-10-23T17:17:10","guid":{"rendered":"https:\/\/www.miravila.com\/product\/krogla-fuso-steklo-trapez-h-14-cm-zlata\/"},"modified":"2023-10-23T19:17:14","modified_gmt":"2023-10-23T17:17:14","slug":"krogla-fuso-steklo-trapez-h-14-cm-zlata","status":"publish","type":"product","link":"https:\/\/www.miravila.com\/sl\/izdelek\/krogla-fuso-steklo-trapez-h-14-cm-zlata\/","title":{"rendered":"Krogla-Fuso Steklo Trapez H-14 Cm Zlata"},"content":{"rendered":"<p>Novoletni okrasek trapezaste oblike v zlati batvi s posipom.<\/p>\n<hr>\n<p><\/p>\n<h5>Material:<\/h5>\n<p> steklo<br \/>\n<\/p>\n<h5>Dimenzija:<\/h5>\n<p> 14cm<\/p>\n","protected":false},"excerpt":{"rendered":"<p>Ta \u010dudovita bo\u017ei\u010dna krogla iz stekla je oblikovana v trapezni obliki in ima \u010dudovito zlato barvo. S svojo vi\u0161ino 14 cm bo zagotovo v sredi\u0161\u010du pozornosti na va\u0161em bo\u017ei\u010dnem drevesu. Popoln dodatek za prazni\u010dno vzdu\u0161je in okrasitev va\u0161ega doma.<\/p>\n","protected":false},"featured_media":24922,"comment_status":"closed","ping_status":"open","template":"","meta":[],"product_brand":[],"product_cat":[2084,3591],"product_tag":[],"class_list":{"0":"post-26506","1":"product","2":"type-product","3":"status-publish","4":"has-post-thumbnail","6":"product_cat-bozic-sl","7":"product_cat-novoletni-okraski","8":"pa_barva-zlata","9":"pa_material-steklo","10":"pa_visina-3813","12":"first","13":"instock","14":"taxable","15":"shipping-taxable","16":"purchasable","17":"product-type-simple"},"_links":{"self":[{"href":"https:\/\/www.miravila.com\/sl\/wp-json\/wp\/v2\/product\/26506","targetHints":{"allow":["GET"]}}],"collection":[{"href":"https:\/\/www.miravila.com\/sl\/wp-json\/wp\/v2\/product"}],"about":[{"href":"https:\/\/www.miravila.com\/sl\/wp-json\/wp\/v2\/types\/product"}],"replies":[{"embeddable":true,"href":"https:\/\/www.miravila.com\/sl\/wp-json\/wp\/v2\/comments?post=26506"}],"wp:featuredmedia":[{"embeddable":true,"href":"https:\/\/www.miravila.com\/sl\/wp-json\/wp\/v2\/media\/24922"}],"wp:attachment":[{"href":"https:\/\/www.miravila.com\/sl\/wp-json\/wp\/v2\/media?parent=26506"}],"wp:term":[{"taxonomy":"product_brand","embeddable":true,"href":"https:\/\/www.miravila.com\/sl\/wp-json\/wp\/v2\/product_brand?post=26506"},{"taxonomy":"product_cat","embeddable":true,"href":"https:\/\/www.miravila.com\/sl\/wp-json\/wp\/v2\/product_cat?post=26506"},{"taxonomy":"product_tag","embeddable":true,"href":"https:\/\/www.miravila.com\/sl\/wp-json\/wp\/v2\/product_tag?post=26506"}],"curies":[{"name":"wp","href":"https:\/\/api.w.org\/{rel}","templated":true}]}}