{"id":26490,"date":"2023-10-23T19:17:00","date_gmt":"2023-10-23T17:17:00","guid":{"rendered":"https:\/\/www.miravila.com\/product\/obesek-steklo-flamingo-roza-perje-95x14-cm-x-1\/"},"modified":"2024-12-16T08:49:43","modified_gmt":"2024-12-16T07:49:43","slug":"obesek-steklo-flamingo-roza-perje-95x14-cm-x-1","status":"publish","type":"product","link":"https:\/\/www.miravila.com\/sl\/izdelek\/obesek-steklo-flamingo-roza-perje-95x14-cm-x-1\/","title":{"rendered":"Obesek Steklo Flamingo-Roza Perje 9,5X14 Cm X 1"},"content":{"rendered":"<p>Novoletni okrasek v obliki flaminga iz temno roza stekla z roza perjem.<\/p>\n<hr>\n<p><\/p>\n<h5>Material:<\/h5>\n<p> steklo<br \/>\n<\/p>\n<h5>Dimenzija:<\/h5>\n<p> 14cm<\/p>\n","protected":false},"excerpt":{"rendered":"<p>Ta \u010dudovit roza obesek iz stekla v obliki flaminga je popoln dodatek za bo\u017ei\u010dno drevo. Okra\u0161en s perjem, meri 9,5 x 14 cm. S tem izdelkom boste zagotovo dodali pridih elegance in zabave va\u0161emu prazni\u010dnemu okrasju.<\/p>\n","protected":false},"featured_media":24904,"comment_status":"closed","ping_status":"open","template":"","meta":[],"product_brand":[],"product_cat":[2084,3591],"product_tag":[],"class_list":{"0":"post-26490","1":"product","2":"type-product","3":"status-publish","4":"has-post-thumbnail","6":"product_cat-bozic-sl","7":"product_cat-novoletni-okraski","8":"pa_barva-roza","9":"pa_material-steklo","10":"pa_visina-3813","12":"first","13":"instock","14":"taxable","15":"shipping-taxable","16":"purchasable","17":"product-type-simple"},"_links":{"self":[{"href":"https:\/\/www.miravila.com\/sl\/wp-json\/wp\/v2\/product\/26490","targetHints":{"allow":["GET"]}}],"collection":[{"href":"https:\/\/www.miravila.com\/sl\/wp-json\/wp\/v2\/product"}],"about":[{"href":"https:\/\/www.miravila.com\/sl\/wp-json\/wp\/v2\/types\/product"}],"replies":[{"embeddable":true,"href":"https:\/\/www.miravila.com\/sl\/wp-json\/wp\/v2\/comments?post=26490"}],"wp:featuredmedia":[{"embeddable":true,"href":"https:\/\/www.miravila.com\/sl\/wp-json\/wp\/v2\/media\/24904"}],"wp:attachment":[{"href":"https:\/\/www.miravila.com\/sl\/wp-json\/wp\/v2\/media?parent=26490"}],"wp:term":[{"taxonomy":"product_brand","embeddable":true,"href":"https:\/\/www.miravila.com\/sl\/wp-json\/wp\/v2\/product_brand?post=26490"},{"taxonomy":"product_cat","embeddable":true,"href":"https:\/\/www.miravila.com\/sl\/wp-json\/wp\/v2\/product_cat?post=26490"},{"taxonomy":"product_tag","embeddable":true,"href":"https:\/\/www.miravila.com\/sl\/wp-json\/wp\/v2\/product_tag?post=26490"}],"curies":[{"name":"wp","href":"https:\/\/api.w.org\/{rel}","templated":true}]}}