{"id":26486,"date":"2023-10-23T19:17:00","date_gmt":"2023-10-23T17:17:00","guid":{"rendered":"https:\/\/www.miravila.com\/product\/krogla-steklo-ledena-d-10-cm-bela-x-1\/"},"modified":"2023-10-23T19:17:05","modified_gmt":"2023-10-23T17:17:05","slug":"krogla-steklo-ledena-d-10-cm-bela-x-1","status":"publish","type":"product","link":"https:\/\/www.miravila.com\/sl\/izdelek\/krogla-steklo-ledena-d-10-cm-bela-x-1\/","title":{"rendered":"Krogla Steklo Ledena D-10 Cm Bela X 1"},"content":{"rendered":"<p>Novoletni okrasek v srebrno-ledeni barvi z ble\u0161\u010de\u010dim zasne\u017eenim premazom.<\/p>\n<hr>\n<p><\/p>\n<h5>Material:<\/h5>\n<p> steklo<br \/>\n<\/p>\n<h5>Dimenzija:<\/h5>\n<p> 10cm<\/p>\n","protected":false},"excerpt":{"rendered":"<p>Ta bo\u017ei\u010dna krogla je izdelana iz stekla in ima premer 10 cm. Njena bela barva prina\u0161a pridih elegance in \u010darobnosti v va\u0161 dom. Krogla ima leden videz, ki bo zagotovo o\u010daral va\u0161e goste. Popolna izbira za okrasitev va\u0161e bo\u017ei\u010dne jelke ali drugih prazni\u010dnih dekoracij.<\/p>\n","protected":false},"featured_media":24622,"comment_status":"closed","ping_status":"open","template":"","meta":[],"product_brand":[],"product_cat":[2084,3591],"product_tag":[],"class_list":{"0":"post-26486","1":"product","2":"type-product","3":"status-publish","4":"has-post-thumbnail","6":"product_cat-bozic-sl","7":"product_cat-novoletni-okraski","8":"pa_barva-srebrna","9":"pa_material-steklo","10":"pa_visina-3809","12":"first","13":"outofstock","14":"taxable","15":"shipping-taxable","16":"purchasable","17":"product-type-simple"},"_links":{"self":[{"href":"https:\/\/www.miravila.com\/sl\/wp-json\/wp\/v2\/product\/26486","targetHints":{"allow":["GET"]}}],"collection":[{"href":"https:\/\/www.miravila.com\/sl\/wp-json\/wp\/v2\/product"}],"about":[{"href":"https:\/\/www.miravila.com\/sl\/wp-json\/wp\/v2\/types\/product"}],"replies":[{"embeddable":true,"href":"https:\/\/www.miravila.com\/sl\/wp-json\/wp\/v2\/comments?post=26486"}],"wp:featuredmedia":[{"embeddable":true,"href":"https:\/\/www.miravila.com\/sl\/wp-json\/wp\/v2\/media\/24622"}],"wp:attachment":[{"href":"https:\/\/www.miravila.com\/sl\/wp-json\/wp\/v2\/media?parent=26486"}],"wp:term":[{"taxonomy":"product_brand","embeddable":true,"href":"https:\/\/www.miravila.com\/sl\/wp-json\/wp\/v2\/product_brand?post=26486"},{"taxonomy":"product_cat","embeddable":true,"href":"https:\/\/www.miravila.com\/sl\/wp-json\/wp\/v2\/product_cat?post=26486"},{"taxonomy":"product_tag","embeddable":true,"href":"https:\/\/www.miravila.com\/sl\/wp-json\/wp\/v2\/product_tag?post=26486"}],"curies":[{"name":"wp","href":"https:\/\/api.w.org\/{rel}","templated":true}]}}