{"id":26469,"date":"2023-10-23T19:16:51","date_gmt":"2023-10-23T17:16:51","guid":{"rendered":"https:\/\/www.miravila.com\/product\/krogla-steklo-dandy-d-10-cm-rdeca-nasitekn\/"},"modified":"2023-10-23T19:16:55","modified_gmt":"2023-10-23T17:16:55","slug":"krogla-steklo-dandy-d-10-cm-rdeca-nasitekn","status":"publish","type":"product","link":"https:\/\/www.miravila.com\/sl\/izdelek\/krogla-steklo-dandy-d-10-cm-rdeca-nasitekn\/","title":{"rendered":"KROGLA STEKLO DANDY D-10 CM RDE\u010cA (NA\u0160ITEK)\nN"},"content":{"rendered":"","protected":false},"excerpt":{"rendered":"<p>Opis izdelka: Krogla iz stekla Dandy s premerom 10 cm v rde\u010di barvi je popoln dodatek za bo\u017ei\u010dno okrasitev. Lahko jo uporabite kot na\u0161itek na smreko ali pa jo postavite na mizo kot dekorativni element. Sijo\u010da povr\u0161ina in \u017eivahna barva bosta zagotovo pritegnili poglede vseh obiskovalcev va\u0161ega doma. Ustvarite \u010darobno bo\u017ei\u010dno vzdu\u0161je s to \u010dudovito kroglo iz stekla Dandy.<\/p>\n","protected":false},"featured_media":25436,"comment_status":"closed","ping_status":"open","template":"","meta":[],"product_brand":[],"product_cat":[2084,3591],"product_tag":[],"class_list":{"0":"post-26469","1":"product","2":"type-product","3":"status-publish","4":"has-post-thumbnail","6":"product_cat-bozic-sl","7":"product_cat-novoletni-okraski","8":"pa_barva-rdeca","9":"pa_material-steklo","10":"pa_visina-3809","12":"first","13":"outofstock","14":"taxable","15":"shipping-taxable","16":"purchasable","17":"product-type-simple"},"_links":{"self":[{"href":"https:\/\/www.miravila.com\/sl\/wp-json\/wp\/v2\/product\/26469","targetHints":{"allow":["GET"]}}],"collection":[{"href":"https:\/\/www.miravila.com\/sl\/wp-json\/wp\/v2\/product"}],"about":[{"href":"https:\/\/www.miravila.com\/sl\/wp-json\/wp\/v2\/types\/product"}],"replies":[{"embeddable":true,"href":"https:\/\/www.miravila.com\/sl\/wp-json\/wp\/v2\/comments?post=26469"}],"wp:featuredmedia":[{"embeddable":true,"href":"https:\/\/www.miravila.com\/sl\/wp-json\/wp\/v2\/media\/25436"}],"wp:attachment":[{"href":"https:\/\/www.miravila.com\/sl\/wp-json\/wp\/v2\/media?parent=26469"}],"wp:term":[{"taxonomy":"product_brand","embeddable":true,"href":"https:\/\/www.miravila.com\/sl\/wp-json\/wp\/v2\/product_brand?post=26469"},{"taxonomy":"product_cat","embeddable":true,"href":"https:\/\/www.miravila.com\/sl\/wp-json\/wp\/v2\/product_cat?post=26469"},{"taxonomy":"product_tag","embeddable":true,"href":"https:\/\/www.miravila.com\/sl\/wp-json\/wp\/v2\/product_tag?post=26469"}],"curies":[{"name":"wp","href":"https:\/\/api.w.org\/{rel}","templated":true}]}}